{"id":2759,"date":"2024-08-25T12:01:53","date_gmt":"2024-08-25T12:01:53","guid":{"rendered":"https:\/\/meteolab.codewith.pl\/?page_id=2759"},"modified":"2025-03-04T20:37:15","modified_gmt":"2025-03-04T20:37:15","slug":"jakosc-powietrza","status":"publish","type":"page","link":"https:\/\/meteolab.ai\/index.php\/jakosc-powietrza\/","title":{"rendered":"Jako\u015b\u0107 Powietrza"},"content":{"rendered":"\t\t<div data-elementor-type=\"wp-page\" data-elementor-id=\"2759\" class=\"elementor elementor-2759\" data-elementor-post-type=\"page\">\n\t\t\t\t<div class=\"elementor-element elementor-element-787057d e-con-full e-flex e-con e-parent\" data-id=\"787057d\" data-element_type=\"container\" data-settings=\"{&quot;background_background&quot;:&quot;classic&quot;}\">\n\t\t\t\t<div class=\"elementor-element elementor-element-fcf46ac elementor-widget elementor-widget-text-editor\" data-id=\"fcf46ac\" data-element_type=\"widget\" data-widget_type=\"text-editor.default\">\n\t\t\t\t<div class=\"elementor-widget-container\">\n\t\t\t\t\t\t\t<p>JAKO\u015a\u0106 POWIETRZA<\/p>\t\t\t\t\t\t<\/div>\n\t\t\t\t<\/div>\n\t\t\t\t<div class=\"elementor-element elementor-element-22822f4 e-transform elementor-widget elementor-widget-text-editor\" data-id=\"22822f4\" data-element_type=\"widget\" data-settings=\"{&quot;_transform_translateY_effect&quot;:{&quot;unit&quot;:&quot;%&quot;,&quot;size&quot;:-205,&quot;sizes&quot;:[]},&quot;_transform_translateY_effect_tablet&quot;:{&quot;unit&quot;:&quot;%&quot;,&quot;size&quot;:&quot;&quot;,&quot;sizes&quot;:[]},&quot;_transform_translateY_effect_mobile&quot;:{&quot;unit&quot;:&quot;%&quot;,&quot;size&quot;:&quot;&quot;,&quot;sizes&quot;:[]},&quot;_transform_translateX_effect&quot;:{&quot;unit&quot;:&quot;px&quot;,&quot;size&quot;:&quot;&quot;,&quot;sizes&quot;:[]},&quot;_transform_translateX_effect_tablet&quot;:{&quot;unit&quot;:&quot;px&quot;,&quot;size&quot;:&quot;&quot;,&quot;sizes&quot;:[]},&quot;_transform_translateX_effect_mobile&quot;:{&quot;unit&quot;:&quot;px&quot;,&quot;size&quot;:&quot;&quot;,&quot;sizes&quot;:[]}}\" data-widget_type=\"text-editor.default\">\n\t\t\t\t<div class=\"elementor-widget-container\">\n\t\t\t\t\t\t\t<p>Rozwi\u0105zanie Do Monitorowania Jako\u015bci Powietrza<\/p>\t\t\t\t\t\t<\/div>\n\t\t\t\t<\/div>\n\t\t\t\t<div class=\"elementor-element elementor-element-046ea1b elementor-widget__width-initial elementor-widget elementor-widget-text-editor\" data-id=\"046ea1b\" data-element_type=\"widget\" data-widget_type=\"text-editor.default\">\n\t\t\t\t<div class=\"elementor-widget-container\">\n\t\t\t\t\t\t\t<p>Nowoczesne systemy monitorowania jako\u015bci powietrza umo\u017cliwiaj\u0105 bie\u017c\u0105c\u0105 analiz\u0119 poziomu zanieczyszcze\u0144 i warunk\u00f3w atmosferycznych zapewniaj\u0105c precyzyjne pomiary py\u0142\u00f3w zawieszonych PM1 PM2.5 PM10 oraz szkodliwych gaz\u00f3w NO\u2082 SO\u2082 CO O\u2083 Nasze rozwi\u0105zania wspieraj\u0105 samorz\u0105dy instytucje badawcze i organizacje zajmuj\u0105ce si\u0119 ochron\u0105 \u015brodowiska dostarczaj\u0105c rzetelne dane do raportowania i podejmowania decyzji Monitoring powietrza w oparciu o sie\u0107 czujnik\u00f3w IoT pozwala na sta\u0142\u0105 kontrol\u0119 jako\u015bci powietrza w dowolnych lokalizacjach System wczesnego ostrzegania o podwy\u017cszonych poziomach zanieczyszcze\u0144 umo\u017cliwia szybkie reagowanie i skuteczniejsze dzia\u0142ania na rzecz czystego powietrza Integracja z miejskimi systemami zarz\u0105dzania smart city pozwala analizowa\u0107 trendy i wdra\u017ca\u0107 strategie poprawy jako\u015bci powietrza.<\/p>\t\t\t\t\t\t<\/div>\n\t\t\t\t<\/div>\n\t\t\t\t<\/div>\n\t\t<div class=\"elementor-element elementor-element-c1ad248 e-flex e-con-boxed e-con e-parent\" data-id=\"c1ad248\" data-element_type=\"container\">\n\t\t\t\t\t<div class=\"e-con-inner\">\n\t\t<div class=\"elementor-element elementor-element-f349376 e-flex e-con-boxed e-con e-child\" data-id=\"f349376\" data-element_type=\"container\">\n\t\t\t\t\t<div class=\"e-con-inner\">\n\t\t\t\t<div class=\"elementor-element elementor-element-1078704 elementor-widget elementor-widget-text-editor\" data-id=\"1078704\" data-element_type=\"widget\" data-widget_type=\"text-editor.default\">\n\t\t\t\t<div class=\"elementor-widget-container\">\n\t\t\t\t\t\t\t<p>JAKO\u015a\u0106 POWIETRZA<\/p>\t\t\t\t\t\t<\/div>\n\t\t\t\t<\/div>\n\t\t\t\t\t<\/div>\n\t\t\t\t<\/div>\n\t\t\t\t<div class=\"elementor-element elementor-element-678d6f0 elementor-widget__width-initial elementor-widget elementor-widget-text-editor\" data-id=\"678d6f0\" data-element_type=\"widget\" data-widget_type=\"text-editor.default\">\n\t\t\t\t<div class=\"elementor-widget-container\">\n\t\t\t\t\t\t\t<p><span class=\"comment_message--boldStyle--DfQEh\">System monitorowania jako\u015bci powietrza <\/span><span style=\"color: #00ccff;\"><a class=\"basic_form--inlineLink---UZ4A blue_link--blueLink--9rlnd \" style=\"color: #00ccff;\" rel=\"noopener nofollow noreferrer ugc\" data-tooltip-type=\"special\" data-tooltip=\"tooltip-hyperlink-popup\" data-tooltip-show-above=\"true\" data-tooltip-unconstrain-width=\"true\" data-tooltip-editor-type=\"fullscreen\" data-tooltip-url-string=\"http:\/\/Meteolab.AI\" data-tooltip-interactive=\"true\" data-tooltip-precise=\"true\">Meteolab.AI<\/a><span class=\"comment_message--boldStyle--DfQEh\"> (AQMS)\u00a0<\/span><\/span><\/p>\t\t\t\t\t\t<\/div>\n\t\t\t\t<\/div>\n\t\t\t\t<div class=\"elementor-element elementor-element-992701d elementor-widget-mobile__width-initial elementor-widget elementor-widget-text-editor\" data-id=\"992701d\" data-element_type=\"widget\" data-widget_type=\"text-editor.default\">\n\t\t\t\t<div class=\"elementor-widget-container\">\n\t\t\t\t\t\t\t<p>Monitorowanie powietrza atmosferycznego to systematyczna, d\u0142ugoterminowa ocena poziomu zanieczyszcze\u0144 poprzez pomiar ilo\u015bci i rodzaj\u00f3w okre\u015blonych zanieczyszcze\u0144 w otaczaj\u0105cym powietrzu zewn\u0119trznym.<\/p>\t\t\t\t\t\t<\/div>\n\t\t\t\t<\/div>\n\t\t\t\t\t<\/div>\n\t\t\t\t<\/div>\n\t\t<div class=\"elementor-element elementor-element-2acc962 e-con-full e-flex e-con e-parent\" data-id=\"2acc962\" data-element_type=\"container\" data-settings=\"{&quot;background_background&quot;:&quot;gradient&quot;}\">\n\t\t<div class=\"elementor-element elementor-element-79ebafe e-con-full e-flex e-con e-child\" data-id=\"79ebafe\" data-element_type=\"container\">\n\t\t\t\t<div class=\"elementor-element elementor-element-f720414 elementor-widget elementor-widget-text-editor\" data-id=\"f720414\" data-element_type=\"widget\" data-widget_type=\"text-editor.default\">\n\t\t\t\t<div class=\"elementor-widget-container\">\n\t\t\t\t\t\t\t<p>Nasze czujniki monitoruj\u0105 kluczowe parametry zanieczyszcze\u0144 oraz czynniki meteorologiczne, wspieraj\u0105c samorz\u0105dy, instytucje badawcze i firmy w skutecznym zarz\u0105dzaniu jako\u015bci\u0105 powietrza.<\/p>\t\t\t\t\t\t<\/div>\n\t\t\t\t<\/div>\n\t\t<div class=\"elementor-element elementor-element-20ca955 e-con-full e-flex e-con e-child\" data-id=\"20ca955\" data-element_type=\"container\">\n\t\t\t\t<div class=\"elementor-element elementor-element-8adbbab elementor-hidden-tablet elementor-hidden-mobile elementor-widget elementor-widget-image\" data-id=\"8adbbab\" data-element_type=\"widget\" data-widget_type=\"image.default\">\n\t\t\t\t<div class=\"elementor-widget-container\">\n\t\t\t\t\t\t\t\t\t\t\t\t\t<img loading=\"lazy\" loading=\"lazy\" decoding=\"async\" width=\"24\" height=\"504\" src=\"https:\/\/meteolab.ai\/wp-content\/uploads\/2024\/08\/Frame-14.png\" class=\"attachment-large size-large wp-image-2070\" alt=\"\" \/>\t\t\t\t\t\t\t\t\t\t\t\t\t<\/div>\n\t\t\t\t<\/div>\n\t\t<div class=\"elementor-element elementor-element-113e477 e-con-full e-flex e-con e-child\" data-id=\"113e477\" data-element_type=\"container\">\n\t\t\t\t<div class=\"elementor-element elementor-element-d0310e9 elementor-widget elementor-widget-text-editor\" data-id=\"d0310e9\" data-element_type=\"widget\" data-widget_type=\"text-editor.default\">\n\t\t\t\t<div class=\"elementor-widget-container\">\n\t\t\t\t\t\t\t<p>Pomiar py\u0142\u00f3w zawieszonych PM1, PM2.5, PM10<\/p>\t\t\t\t\t\t<\/div>\n\t\t\t\t<\/div>\n\t\t\t\t<div class=\"elementor-element elementor-element-47245f0 elementor-widget elementor-widget-text-editor\" data-id=\"47245f0\" data-element_type=\"widget\" data-widget_type=\"text-editor.default\">\n\t\t\t\t<div class=\"elementor-widget-container\">\n\t\t\t\t\t\t\t<p>Monitorowanie st\u0119\u017ce\u0144 gaz\u00f3w szkodliwych (NO\u2082, SO\u2082, CO, O\u2083, THC)<\/p>\t\t\t\t\t\t<\/div>\n\t\t\t\t<\/div>\n\t\t\t\t<div class=\"elementor-element elementor-element-0960993 elementor-widget elementor-widget-text-editor\" data-id=\"0960993\" data-element_type=\"widget\" data-widget_type=\"text-editor.default\">\n\t\t\t\t<div class=\"elementor-widget-container\">\n\t\t\t\t\t\t\t<p><span class=\"comment_message--boldStyle--DfQEh\">Rejestrowanie parametr\u00f3w pogodowych<\/span><span class=\"\"> \u2013 pr\u0119dko\u015b\u0107 i kierunek wiatru, wilgotno\u015b\u0107, temperatura, ci\u015bnienie atmosferyczne<\/span><\/p>\t\t\t\t\t\t<\/div>\n\t\t\t\t<\/div>\n\t\t\t\t<div class=\"elementor-element elementor-element-f65c837 elementor-widget elementor-widget-text-editor\" data-id=\"f65c837\" data-element_type=\"widget\" data-widget_type=\"text-editor.default\">\n\t\t\t\t<div class=\"elementor-widget-container\">\n\t\t\t\t\t\t\t<p>ocen\u0119 skuteczno\u015bci strategii kontroli emisji<\/p>\t\t\t\t\t\t<\/div>\n\t\t\t\t<\/div>\n\t\t\t\t<div class=\"elementor-element elementor-element-7e386f0 elementor-widget elementor-widget-text-editor\" data-id=\"7e386f0\" data-element_type=\"widget\" data-widget_type=\"text-editor.default\">\n\t\t\t\t<div class=\"elementor-widget-container\">\n\t\t\t\t\t\t\t<p>Automatyczne powiadomienia o wzro\u015bcie poziomu zanieczyszcze\u0144<\/p>\t\t\t\t\t\t<\/div>\n\t\t\t\t<\/div>\n\t\t\t\t<div class=\"elementor-element elementor-element-ed001ac elementor-widget elementor-widget-text-editor\" data-id=\"ed001ac\" data-element_type=\"widget\" data-widget_type=\"text-editor.default\">\n\t\t\t\t<div class=\"elementor-widget-container\">\n\t\t\t\t\t\t\t<p>dostarczanie danych do oceny modeli jako\u015bci powietrza<\/p>\t\t\t\t\t\t<\/div>\n\t\t\t\t<\/div>\n\t\t\t\t<div class=\"elementor-element elementor-element-c79ddca elementor-widget elementor-widget-text-editor\" data-id=\"c79ddca\" data-element_type=\"widget\" data-widget_type=\"text-editor.default\">\n\t\t\t\t<div class=\"elementor-widget-container\">\n\t\t\t\t\t\t\t<p>wspieranie bada\u0144 (np. d\u0142ugoterminowych bada\u0144 nad wp\u0142ywem zanieczyszczenia powietrza na zdrowie)<\/p>\t\t\t\t\t\t<\/div>\n\t\t\t\t<\/div>\n\t\t\t\t<\/div>\n\t\t\t\t<\/div>\n\t\t\t\t<div class=\"elementor-element elementor-element-d63b7df elementor-widget elementor-widget-text-editor\" data-id=\"d63b7df\" data-element_type=\"widget\" data-widget_type=\"text-editor.default\">\n\t\t\t\t<div class=\"elementor-widget-container\">\n\t\t\t\t\t\t\t<p><span class=\"\">Nasze systemy wyr\u00f3\u017cnia <\/span><span class=\"comment_message--boldStyle--DfQEh\">innowacyjna metoda kalibracji czujnik\u00f3w<\/span><span class=\"\">, dzi\u0119ki kt\u00f3rej zapewniamy wysok\u0105 precyzj\u0119 pomiar\u00f3w i stabilno\u015b\u0107 d\u0142ugoterminow\u0105. Proces ten wykorzystuje <\/span><span class=\"comment_message--boldStyle--DfQEh\">dynamiczn\u0105 kompensacj\u0119 wp\u0142ywu warunk\u00f3w atmosferycznych<\/span><span class=\"\">, co pozwala na skuteczniejsze dostosowanie wynik\u00f3w do metod referencyjnych stosowanych w monitoringu \u015brodowiskowym<\/span><\/p>\t\t\t\t\t\t<\/div>\n\t\t\t\t<\/div>\n\t\t\t\t<\/div>\n\t\t<div class=\"elementor-element elementor-element-df45e59 e-con-full e-flex e-con e-child\" data-id=\"df45e59\" data-element_type=\"container\">\n\t\t<div class=\"elementor-element elementor-element-c35c799 e-grid e-con-full e-transform elementor-hidden-tablet elementor-hidden-mobile e-con e-child\" data-id=\"c35c799\" data-element_type=\"container\" data-settings=\"{&quot;_transform_translateY_effect&quot;:{&quot;unit&quot;:&quot;%&quot;,&quot;size&quot;:30,&quot;sizes&quot;:[]},&quot;_transform_translateY_effect_tablet&quot;:{&quot;unit&quot;:&quot;%&quot;,&quot;size&quot;:&quot;&quot;,&quot;sizes&quot;:[]},&quot;_transform_translateY_effect_mobile&quot;:{&quot;unit&quot;:&quot;%&quot;,&quot;size&quot;:&quot;&quot;,&quot;sizes&quot;:[]},&quot;_transform_translateX_effect&quot;:{&quot;unit&quot;:&quot;px&quot;,&quot;size&quot;:&quot;&quot;,&quot;sizes&quot;:[]},&quot;_transform_translateX_effect_tablet&quot;:{&quot;unit&quot;:&quot;px&quot;,&quot;size&quot;:&quot;&quot;,&quot;sizes&quot;:[]},&quot;_transform_translateX_effect_mobile&quot;:{&quot;unit&quot;:&quot;px&quot;,&quot;size&quot;:&quot;&quot;,&quot;sizes&quot;:[]}}\">\n\t\t\t\t<div class=\"elementor-element elementor-element-859c393 e-transform elementor-widget elementor-widget-image\" data-id=\"859c393\" data-element_type=\"widget\" data-settings=\"{&quot;_transform_translateX_effect&quot;:{&quot;unit&quot;:&quot;%&quot;,&quot;size&quot;:-18,&quot;sizes&quot;:[]},&quot;_transform_translateX_effect_tablet&quot;:{&quot;unit&quot;:&quot;%&quot;,&quot;size&quot;:&quot;&quot;,&quot;sizes&quot;:[]},&quot;_transform_translateX_effect_mobile&quot;:{&quot;unit&quot;:&quot;%&quot;,&quot;size&quot;:&quot;&quot;,&quot;sizes&quot;:[]},&quot;_transform_translateY_effect&quot;:{&quot;unit&quot;:&quot;%&quot;,&quot;size&quot;:35,&quot;sizes&quot;:[]},&quot;_transform_translateY_effect_tablet&quot;:{&quot;unit&quot;:&quot;%&quot;,&quot;size&quot;:&quot;&quot;,&quot;sizes&quot;:[]},&quot;_transform_translateY_effect_mobile&quot;:{&quot;unit&quot;:&quot;%&quot;,&quot;size&quot;:&quot;&quot;,&quot;sizes&quot;:[]}}\" data-widget_type=\"image.default\">\n\t\t\t\t<div class=\"elementor-widget-container\">\n\t\t\t\t\t\t\t\t\t\t\t\t\t<img loading=\"lazy\" loading=\"lazy\" decoding=\"async\" width=\"376\" height=\"499\" src=\"https:\/\/meteolab.ai\/wp-content\/uploads\/2024\/08\/asd.png\" class=\"attachment-large size-large wp-image-2066\" alt=\"\" srcset=\"https:\/\/meteolab.ai\/wp-content\/uploads\/2024\/08\/asd.png 376w, https:\/\/meteolab.ai\/wp-content\/uploads\/2024\/08\/asd-226x300.png 226w, https:\/\/meteolab.ai\/wp-content\/uploads\/2024\/08\/asd-1x1.png 1w, https:\/\/meteolab.ai\/wp-content\/uploads\/2024\/08\/asd-8x10.png 8w\" sizes=\"auto, (max-width: 376px) 100vw, 376px\" \/>\t\t\t\t\t\t\t\t\t\t\t\t\t<\/div>\n\t\t\t\t<\/div>\n\t\t\t\t<div class=\"elementor-element elementor-element-da93533 elementor-widget elementor-widget-image\" data-id=\"da93533\" data-element_type=\"widget\" data-widget_type=\"image.default\">\n\t\t\t\t<div class=\"elementor-widget-container\">\n\t\t\t\t\t\t\t\t\t\t\t\t\t<img loading=\"lazy\" loading=\"lazy\" decoding=\"async\" width=\"376\" height=\"499\" src=\"https:\/\/meteolab.ai\/wp-content\/uploads\/2024\/08\/asdags.png\" class=\"attachment-large size-large wp-image-2067\" alt=\"\" srcset=\"https:\/\/meteolab.ai\/wp-content\/uploads\/2024\/08\/asdags.png 376w, https:\/\/meteolab.ai\/wp-content\/uploads\/2024\/08\/asdags-226x300.png 226w, https:\/\/meteolab.ai\/wp-content\/uploads\/2024\/08\/asdags-1x1.png 1w, https:\/\/meteolab.ai\/wp-content\/uploads\/2024\/08\/asdags-8x10.png 8w\" sizes=\"auto, (max-width: 376px) 100vw, 376px\" \/>\t\t\t\t\t\t\t\t\t\t\t\t\t<\/div>\n\t\t\t\t<\/div>\n\t\t\t\t<div class=\"elementor-element elementor-element-08a35aa e-transform elementor-widget elementor-widget-image\" data-id=\"08a35aa\" data-element_type=\"widget\" data-settings=\"{&quot;_transform_translateX_effect&quot;:{&quot;unit&quot;:&quot;%&quot;,&quot;size&quot;:-18,&quot;sizes&quot;:[]},&quot;_transform_translateX_effect_tablet&quot;:{&quot;unit&quot;:&quot;%&quot;,&quot;size&quot;:&quot;&quot;,&quot;sizes&quot;:[]},&quot;_transform_translateX_effect_mobile&quot;:{&quot;unit&quot;:&quot;%&quot;,&quot;size&quot;:&quot;&quot;,&quot;sizes&quot;:[]},&quot;_transform_translateY_effect&quot;:{&quot;unit&quot;:&quot;%&quot;,&quot;size&quot;:-43,&quot;sizes&quot;:[]},&quot;_transform_translateY_effect_tablet&quot;:{&quot;unit&quot;:&quot;%&quot;,&quot;size&quot;:&quot;&quot;,&quot;sizes&quot;:[]},&quot;_transform_translateY_effect_mobile&quot;:{&quot;unit&quot;:&quot;%&quot;,&quot;size&quot;:&quot;&quot;,&quot;sizes&quot;:[]}}\" data-widget_type=\"image.default\">\n\t\t\t\t<div class=\"elementor-widget-container\">\n\t\t\t\t\t\t\t\t\t\t\t\t\t<img loading=\"lazy\" loading=\"lazy\" decoding=\"async\" width=\"376\" height=\"498\" src=\"https:\/\/meteolab.ai\/wp-content\/uploads\/2024\/08\/qwrf.png\" class=\"attachment-large size-large wp-image-2069\" alt=\"\" srcset=\"https:\/\/meteolab.ai\/wp-content\/uploads\/2024\/08\/qwrf.png 376w, https:\/\/meteolab.ai\/wp-content\/uploads\/2024\/08\/qwrf-227x300.png 227w, https:\/\/meteolab.ai\/wp-content\/uploads\/2024\/08\/qwrf-1x1.png 1w, https:\/\/meteolab.ai\/wp-content\/uploads\/2024\/08\/qwrf-8x10.png 8w\" sizes=\"auto, (max-width: 376px) 100vw, 376px\" \/>\t\t\t\t\t\t\t\t\t\t\t\t\t<\/div>\n\t\t\t\t<\/div>\n\t\t\t\t<\/div>\n\t\t\t\t<\/div>\n\t\t\t\t<\/div>\n\t\t\t\t<\/div>\n\t\t","protected":false},"excerpt":{"rendered":"<p>JAKO\u015a\u0106 POWIETRZA Rozwi\u0105zanie Do Monitorowania Jako\u015bci Powietrza Nowoczesne systemy monitorowania jako\u015bci powietrza umo\u017cliwiaj\u0105 bie\u017c\u0105c\u0105 analiz\u0119 poziomu zanieczyszcze\u0144 i warunk\u00f3w atmosferycznych zapewniaj\u0105c precyzyjne pomiary py\u0142\u00f3w zawieszonych&#8230;<\/p>\n","protected":false},"author":1,"featured_media":0,"parent":0,"menu_order":0,"comment_status":"closed","ping_status":"closed","template":"elementor_header_footer","meta":{"footnotes":""},"class_list":["post-2759","page","type-page","status-publish","hentry"],"_links":{"self":[{"href":"https:\/\/meteolab.ai\/index.php\/wp-json\/wp\/v2\/pages\/2759","targetHints":{"allow":["GET"]}}],"collection":[{"href":"https:\/\/meteolab.ai\/index.php\/wp-json\/wp\/v2\/pages"}],"about":[{"href":"https:\/\/meteolab.ai\/index.php\/wp-json\/wp\/v2\/types\/page"}],"author":[{"embeddable":true,"href":"https:\/\/meteolab.ai\/index.php\/wp-json\/wp\/v2\/users\/1"}],"replies":[{"embeddable":true,"href":"https:\/\/meteolab.ai\/index.php\/wp-json\/wp\/v2\/comments?post=2759"}],"version-history":[{"count":16,"href":"https:\/\/meteolab.ai\/index.php\/wp-json\/wp\/v2\/pages\/2759\/revisions"}],"predecessor-version":[{"id":7598,"href":"https:\/\/meteolab.ai\/index.php\/wp-json\/wp\/v2\/pages\/2759\/revisions\/7598"}],"wp:attachment":[{"href":"https:\/\/meteolab.ai\/index.php\/wp-json\/wp\/v2\/media?parent=2759"}],"curies":[{"name":"wp","href":"https:\/\/api.w.org\/{rel}","templated":true}]}}