{"id":2802,"date":"2024-08-25T12:35:04","date_gmt":"2024-08-25T12:35:04","guid":{"rendered":"https:\/\/meteolab.codewith.pl\/?page_id=2802"},"modified":"2024-11-04T13:12:17","modified_gmt":"2024-11-04T13:12:17","slug":"fotowoltaika","status":"publish","type":"page","link":"https:\/\/meteolab.ai\/index.php\/fotowoltaika\/","title":{"rendered":"Fotowoltaika"},"content":{"rendered":"\t\t<div data-elementor-type=\"wp-page\" data-elementor-id=\"2802\" class=\"elementor elementor-2802\" data-elementor-post-type=\"page\">\n\t\t\t\t<div class=\"elementor-element elementor-element-fd910da e-con-full e-flex e-con e-parent\" data-id=\"fd910da\" data-element_type=\"container\" data-settings=\"{&quot;background_background&quot;:&quot;classic&quot;}\">\n\t\t\t\t<div class=\"elementor-element elementor-element-70df151 elementor-widget elementor-widget-text-editor\" data-id=\"70df151\" data-element_type=\"widget\" data-widget_type=\"text-editor.default\">\n\t\t\t\t<div class=\"elementor-widget-container\">\n\t\t\t\t\t\t\t<p>FOTOWOLTAIKA<\/p>\t\t\t\t\t\t<\/div>\n\t\t\t\t<\/div>\n\t\t\t\t<div class=\"elementor-element elementor-element-4c74a58 elementor-widget elementor-widget-text-editor\" data-id=\"4c74a58\" data-element_type=\"widget\" data-widget_type=\"text-editor.default\">\n\t\t\t\t<div class=\"elementor-widget-container\">\n\t\t\t\t\t\t\t<p>Rozwi\u0105zanie Dla Bran\u017cy Fotowoltaicznej<\/p>\t\t\t\t\t\t<\/div>\n\t\t\t\t<\/div>\n\t\t\t\t<div class=\"elementor-element elementor-element-95d1695 elementor-widget__width-initial elementor-widget elementor-widget-text-editor\" data-id=\"95d1695\" data-element_type=\"widget\" data-widget_type=\"text-editor.default\">\n\t\t\t\t<div class=\"elementor-widget-container\">\n\t\t\t\t\t\t\t<p>Dla mened\u017cer\u00f3w i inwestor\u00f3w elektrowni s\u0142onecznych precyzyjne monitorowanie parametr\u00f3w wydajno\u015bci systemu jest absolutnym priorytetem, zar\u00f3wno w kr\u00f3tkim, jak i d\u0142ugim okresie.<\/p>\t\t\t\t\t\t<\/div>\n\t\t\t\t<\/div>\n\t\t\t\t<\/div>\n\t\t<div class=\"elementor-element elementor-element-9bde3f6 e-con-full e-flex e-con e-parent\" data-id=\"9bde3f6\" data-element_type=\"container\">\n\t\t<div class=\"elementor-element elementor-element-b0f9452 e-con-full e-flex e-con e-child\" data-id=\"b0f9452\" data-element_type=\"container\">\n\t\t\t\t<div class=\"elementor-element elementor-element-800c115 elementor-widget elementor-widget-text-editor\" data-id=\"800c115\" data-element_type=\"widget\" data-widget_type=\"text-editor.default\">\n\t\t\t\t<div class=\"elementor-widget-container\">\n\t\t\t\t\t\t\t<p>FOTOWOLTAIKA<\/p>\t\t\t\t\t\t<\/div>\n\t\t\t\t<\/div>\n\t\t\t\t<div class=\"elementor-element elementor-element-f408ad1 elementor-widget elementor-widget-text-editor\" data-id=\"f408ad1\" data-element_type=\"widget\" data-widget_type=\"text-editor.default\">\n\t\t\t\t<div class=\"elementor-widget-container\">\n\t\t\t\t\t\t\tRozwi\u0105zanie Dla <span style=\"color: #47bdea;\">Bran\u017cy Fotowoltaicznej<\/span>\t\t\t\t\t\t<\/div>\n\t\t\t\t<\/div>\n\t\t\t\t<div class=\"elementor-element elementor-element-5c2b7aa elementor-widget elementor-widget-text-editor\" data-id=\"5c2b7aa\" data-element_type=\"widget\" data-widget_type=\"text-editor.default\">\n\t\t\t\t<div class=\"elementor-widget-container\">\n\t\t\t\t\t\t\t<p>Dla mened\u017cer\u00f3w i inwestor\u00f3w elektrowni s\u0142onecznych precyzyjne monitorowanie parametr\u00f3w wydajno\u015bci systemu jest absolutnym priorytetem, zar\u00f3wno w kr\u00f3tkim, jak i d\u0142ugim okresie.<\/p>\t\t\t\t\t\t<\/div>\n\t\t\t\t<\/div>\n\t\t\t\t<div class=\"elementor-element elementor-element-fdd182a elementor-widget elementor-widget-text-editor\" data-id=\"fdd182a\" data-element_type=\"widget\" data-widget_type=\"text-editor.default\">\n\t\t\t\t<div class=\"elementor-widget-container\">\n\t\t\t\t\t\t\t<p>W przypadku dzia\u0142aj\u0105cej elektrowni g\u0142\u00f3wnym ograniczeniem zewn\u0119trznym dla optymalnej wydajno\u015bci s\u0105 warunki \u015brodowiskowe. Zar\u00f3wno promieniowanie s\u0142oneczne, podstawowy surowiec systemu, temperatury wp\u0142ywaj\u0105ce na wydajno\u015b\u0107 jego g\u0142\u00f3wnych komponent\u00f3w, jak i mniej znane czynniki, takie jak pr\u0119dko\u015b\u0107 i kierunek wiatru, wsp\u00f3\u0142dzia\u0142aj\u0105, aby wygenerowa\u0107 warunki \u015brodowiskowe okre\u015blaj\u0105ce potencjaln\u0105 wydajno\u015b\u0107 elektrowni, w odniesieniu do kt\u00f3rych mierzona jest rzeczywista wydajno\u015b\u0107 elektrowni. B\u0119d\u0105c w stanie monitorowa\u0107 warunki meteorologiczne wp\u0142ywaj\u0105ce na wydajno\u015b\u0107 elektrowni i b\u0119d\u0105c w stanie robi\u0107 to precyzyjnie, jest to jedyny spos\u00f3b dla operatora, aby utrzyma\u0107 inwestycje pod kontrol\u0105. Meteolab.AI zapewnia idealne rozwi\u0105zanie dla bran\u017cy fotowoltaicznej.<\/p>\t\t\t\t\t\t<\/div>\n\t\t\t\t<\/div>\n\t\t\t\t<\/div>\n\t\t<div class=\"elementor-element elementor-element-7b3ba1b e-con-full e-flex e-con e-child\" data-id=\"7b3ba1b\" data-element_type=\"container\">\n\t\t\t\t<div class=\"elementor-element elementor-element-262e014 elementor-widget elementor-widget-image\" data-id=\"262e014\" data-element_type=\"widget\" data-widget_type=\"image.default\">\n\t\t\t\t<div class=\"elementor-widget-container\">\n\t\t\t\t\t\t\t\t\t\t\t\t\t<img loading=\"lazy\" loading=\"lazy\" decoding=\"async\" width=\"465\" height=\"577\" src=\"https:\/\/meteolab.ai\/wp-content\/uploads\/2024\/08\/qqqqq.png\" class=\"attachment-large size-large wp-image-1741\" alt=\"\" srcset=\"https:\/\/meteolab.ai\/wp-content\/uploads\/2024\/08\/qqqqq.png 465w, https:\/\/meteolab.ai\/wp-content\/uploads\/2024\/08\/qqqqq-242x300.png 242w, https:\/\/meteolab.ai\/wp-content\/uploads\/2024\/08\/qqqqq-1x1.png 1w, https:\/\/meteolab.ai\/wp-content\/uploads\/2024\/08\/qqqqq-8x10.png 8w\" sizes=\"auto, (max-width: 465px) 100vw, 465px\" \/>\t\t\t\t\t\t\t\t\t\t\t\t\t<\/div>\n\t\t\t\t<\/div>\n\t\t\t\t<\/div>\n\t\t\t\t<\/div>\n\t\t\t\t<\/div>\n\t\t","protected":false},"excerpt":{"rendered":"<p>FOTOWOLTAIKA Rozwi\u0105zanie Dla Bran\u017cy Fotowoltaicznej Dla mened\u017cer\u00f3w i inwestor\u00f3w elektrowni s\u0142onecznych precyzyjne monitorowanie parametr\u00f3w wydajno\u015bci systemu jest absolutnym priorytetem, zar\u00f3wno w kr\u00f3tkim, jak i d\u0142ugim&#8230;<\/p>\n","protected":false},"author":1,"featured_media":0,"parent":0,"menu_order":0,"comment_status":"closed","ping_status":"closed","template":"","meta":{"footnotes":""},"class_list":["post-2802","page","type-page","status-publish","hentry"],"_links":{"self":[{"href":"https:\/\/meteolab.ai\/index.php\/wp-json\/wp\/v2\/pages\/2802","targetHints":{"allow":["GET"]}}],"collection":[{"href":"https:\/\/meteolab.ai\/index.php\/wp-json\/wp\/v2\/pages"}],"about":[{"href":"https:\/\/meteolab.ai\/index.php\/wp-json\/wp\/v2\/types\/page"}],"author":[{"embeddable":true,"href":"https:\/\/meteolab.ai\/index.php\/wp-json\/wp\/v2\/users\/1"}],"replies":[{"embeddable":true,"href":"https:\/\/meteolab.ai\/index.php\/wp-json\/wp\/v2\/comments?post=2802"}],"version-history":[{"count":9,"href":"https:\/\/meteolab.ai\/index.php\/wp-json\/wp\/v2\/pages\/2802\/revisions"}],"predecessor-version":[{"id":6074,"href":"https:\/\/meteolab.ai\/index.php\/wp-json\/wp\/v2\/pages\/2802\/revisions\/6074"}],"wp:attachment":[{"href":"https:\/\/meteolab.ai\/index.php\/wp-json\/wp\/v2\/media?parent=2802"}],"curies":[{"name":"wp","href":"https:\/\/api.w.org\/{rel}","templated":true}]}}