{"id":2819,"date":"2024-08-25T12:39:59","date_gmt":"2024-08-25T12:39:59","guid":{"rendered":"https:\/\/meteolab.codewith.pl\/?page_id=2819"},"modified":"2024-11-04T13:28:37","modified_gmt":"2024-11-04T13:28:37","slug":"temptit","status":"publish","type":"page","link":"https:\/\/meteolab.ai\/index.php\/temptit\/","title":{"rendered":"Uzdatnianie Wody"},"content":{"rendered":"\t\t<div data-elementor-type=\"wp-page\" data-elementor-id=\"2819\" class=\"elementor elementor-2819\" data-elementor-post-type=\"page\">\n\t\t\t\t<div class=\"elementor-element elementor-element-cee5ab2 e-con-full e-flex e-con e-parent\" data-id=\"cee5ab2\" data-element_type=\"container\" data-settings=\"{&quot;background_background&quot;:&quot;classic&quot;}\">\n\t\t\t\t<div class=\"elementor-element elementor-element-01ff9d3 elementor-widget elementor-widget-text-editor\" data-id=\"01ff9d3\" data-element_type=\"widget\" data-widget_type=\"text-editor.default\">\n\t\t\t\t<div class=\"elementor-widget-container\">\n\t\t\t\t\t\t\t<p>UZDATNIANIE WODY<\/p>\t\t\t\t\t\t<\/div>\n\t\t\t\t<\/div>\n\t\t\t\t<div class=\"elementor-element elementor-element-8932888 elementor-widget elementor-widget-text-editor\" data-id=\"8932888\" data-element_type=\"widget\" data-widget_type=\"text-editor.default\">\n\t\t\t\t<div class=\"elementor-widget-container\">\n\t\t\t\t\t\t\t<p>Rozwi\u0105zanie Do Uzdatniania Wody<\/p>\t\t\t\t\t\t<\/div>\n\t\t\t\t<\/div>\n\t\t\t\t<div class=\"elementor-element elementor-element-d2317cb elementor-widget__width-initial elementor-widget elementor-widget-text-editor\" data-id=\"d2317cb\" data-element_type=\"widget\" data-widget_type=\"text-editor.default\">\n\t\t\t\t<div class=\"elementor-widget-container\">\n\t\t\t\t\t\t\t<p>Pogarszaj\u0105ca si\u0119 jako\u015b\u0107 wody, zanieczyszczenie \u015brodowiska lub szkodliwe emisje, mo\u017ce stanowi\u0107 powa\u017cne zagro\u017cenie dla zdrowia ludzi, organizm\u00f3w wodnych i ca\u0142ych ekosystem\u00f3w.<\/p>\t\t\t\t\t\t<\/div>\n\t\t\t\t<\/div>\n\t\t\t\t<\/div>\n\t\t<div class=\"elementor-element elementor-element-ea61448 e-grid e-con-full e-con e-parent\" data-id=\"ea61448\" data-element_type=\"container\">\n\t\t<div class=\"elementor-element elementor-element-ac927e8 e-con-full e-flex e-con e-child\" data-id=\"ac927e8\" data-element_type=\"container\">\n\t\t\t\t<div class=\"elementor-element elementor-element-36b3e0e elementor-widget elementor-widget-image\" data-id=\"36b3e0e\" data-element_type=\"widget\" data-widget_type=\"image.default\">\n\t\t\t\t<div class=\"elementor-widget-container\">\n\t\t\t\t\t\t\t\t\t\t\t\t\t<img loading=\"lazy\" loading=\"lazy\" decoding=\"async\" width=\"465\" height=\"576\" src=\"https:\/\/meteolab.ai\/wp-content\/uploads\/2024\/08\/woda.png\" class=\"attachment-large size-large wp-image-1964\" alt=\"\" srcset=\"https:\/\/meteolab.ai\/wp-content\/uploads\/2024\/08\/woda.png 465w, https:\/\/meteolab.ai\/wp-content\/uploads\/2024\/08\/woda-242x300.png 242w, https:\/\/meteolab.ai\/wp-content\/uploads\/2024\/08\/woda-1x1.png 1w, https:\/\/meteolab.ai\/wp-content\/uploads\/2024\/08\/woda-8x10.png 8w\" sizes=\"auto, (max-width: 465px) 100vw, 465px\" \/>\t\t\t\t\t\t\t\t\t\t\t\t\t<\/div>\n\t\t\t\t<\/div>\n\t\t\t\t<\/div>\n\t\t<div class=\"elementor-element elementor-element-5a1abf8 e-con-full e-flex e-con e-child\" data-id=\"5a1abf8\" data-element_type=\"container\">\n\t\t\t\t<div class=\"elementor-element elementor-element-fa1f232 elementor-widget elementor-widget-text-editor\" data-id=\"fa1f232\" data-element_type=\"widget\" data-widget_type=\"text-editor.default\">\n\t\t\t\t<div class=\"elementor-widget-container\">\n\t\t\t\t\t\t\t<p>UZDATNIANIE WODY<\/p>\t\t\t\t\t\t<\/div>\n\t\t\t\t<\/div>\n\t\t\t\t<div class=\"elementor-element elementor-element-88a76a5 elementor-widget elementor-widget-text-editor\" data-id=\"88a76a5\" data-element_type=\"widget\" data-widget_type=\"text-editor.default\">\n\t\t\t\t<div class=\"elementor-widget-container\">\n\t\t\t\t\t\t\tRozwi\u0105zanie Do <span style=\"color: #47bdea;\">Uzdatniania Wody<\/span>\t\t\t\t\t\t<\/div>\n\t\t\t\t<\/div>\n\t\t\t\t<div class=\"elementor-element elementor-element-f67bf10 elementor-widget elementor-widget-text-editor\" data-id=\"f67bf10\" data-element_type=\"widget\" data-widget_type=\"text-editor.default\">\n\t\t\t\t<div class=\"elementor-widget-container\">\n\t\t\t\t\t\t\t<p>Pogarszaj\u0105ca si\u0119 jako\u015b\u0107 wody, zanieczyszczenie \u015brodowiska lub szkodliwe emisje, mo\u017ce stanowi\u0107 powa\u017cne zagro\u017cenie dla zdrowia ludzi, organizm\u00f3w wodnych i ca\u0142ych ekosystem\u00f3w. Wczesne wykrywanie ma kluczowe znaczenie dla minimalizacji i \u0142agodzenia wp\u0142ywu takich zdarze\u0144 i\/lub okre\u015blenia \u017ar\u00f3d\u0142a zanieczyszczenia. Sytuacj\u0119 pogarszaj\u0105 r\u00f3\u017cne parametry, kt\u00f3re nale\u017cy monitorowa\u0107. Podczas gdy w wielu przypadkach wystarcz\u0105 proste wska\u017aniki, takie jak temperatura i przewodnictwo, w innych przypadkach konieczne b\u0119dzie monitorowanie bardziej zaawansowanych parametr\u00f3w, takich jak pH, rozpuszczony tlen (DO), m\u0119tno\u015b\u0107 lub zawarto\u015b\u0107 sinic. Meteolab.AI\u00a0 zapewnia atrakcyjne rozwi\u0105zanie wykreowane na w\u0142asne potrzeby uzdatniania wody.<\/p>\t\t\t\t\t\t<\/div>\n\t\t\t\t<\/div>\n\t\t\t\t<\/div>\n\t\t\t\t<\/div>\n\t\t\t\t<\/div>\n\t\t","protected":false},"excerpt":{"rendered":"<p>UZDATNIANIE WODY Rozwi\u0105zanie Do Uzdatniania Wody Pogarszaj\u0105ca si\u0119 jako\u015b\u0107 wody, zanieczyszczenie \u015brodowiska lub szkodliwe emisje, mo\u017ce stanowi\u0107 powa\u017cne zagro\u017cenie dla zdrowia ludzi, organizm\u00f3w wodnych i&#8230;<\/p>\n","protected":false},"author":1,"featured_media":0,"parent":0,"menu_order":0,"comment_status":"closed","ping_status":"closed","template":"","meta":{"footnotes":""},"class_list":["post-2819","page","type-page","status-publish","hentry"],"_links":{"self":[{"href":"https:\/\/meteolab.ai\/index.php\/wp-json\/wp\/v2\/pages\/2819","targetHints":{"allow":["GET"]}}],"collection":[{"href":"https:\/\/meteolab.ai\/index.php\/wp-json\/wp\/v2\/pages"}],"about":[{"href":"https:\/\/meteolab.ai\/index.php\/wp-json\/wp\/v2\/types\/page"}],"author":[{"embeddable":true,"href":"https:\/\/meteolab.ai\/index.php\/wp-json\/wp\/v2\/users\/1"}],"replies":[{"embeddable":true,"href":"https:\/\/meteolab.ai\/index.php\/wp-json\/wp\/v2\/comments?post=2819"}],"version-history":[{"count":10,"href":"https:\/\/meteolab.ai\/index.php\/wp-json\/wp\/v2\/pages\/2819\/revisions"}],"predecessor-version":[{"id":6091,"href":"https:\/\/meteolab.ai\/index.php\/wp-json\/wp\/v2\/pages\/2819\/revisions\/6091"}],"wp:attachment":[{"href":"https:\/\/meteolab.ai\/index.php\/wp-json\/wp\/v2\/media?parent=2819"}],"curies":[{"name":"wp","href":"https:\/\/api.w.org\/{rel}","templated":true}]}}