{"id":6,"date":"2021-09-20T08:35:14","date_gmt":"2021-09-20T08:35:14","guid":{"rendered":"https:\/\/xstore.8theme.com\/elementor\/demos\/ecoenergy\/cart\/"},"modified":"2025-03-07T12:33:10","modified_gmt":"2025-03-07T12:33:10","slug":"cart","status":"publish","type":"page","link":"https:\/\/meteolab.ai\/index.php\/cart\/","title":{"rendered":"Cart"},"content":{"rendered":"\t\t<div data-elementor-type=\"wp-page\" data-elementor-id=\"6\" class=\"elementor elementor-6\" data-elementor-post-type=\"page\">\n\t\t\t\t\t\t<section class=\"elementor-section elementor-top-section elementor-element elementor-element-1df46b5c elementor-section-stretched elementor-section-height-min-height elementor-section-items-stretch elementor-section-boxed elementor-section-height-default\" data-id=\"1df46b5c\" data-element_type=\"section\" data-settings=\"{&quot;stretch_section&quot;:&quot;section-stretched&quot;}\">\n\t\t\t\t\t\t<div class=\"elementor-container elementor-column-gap-extended\">\n\t\t\t\t\t<div class=\"elementor-column elementor-col-100 elementor-top-column elementor-element elementor-element-46806d5f\" data-id=\"46806d5f\" data-element_type=\"column\">\n\t\t\t<div class=\"elementor-widget-wrap elementor-element-populated\">\n\t\t\t\t\t\t\t<\/div>\n\t\t<\/div>\n\t\t\t\t\t<\/div>\n\t\t<\/section>\n\t\t<div class=\"elementor-element elementor-element-c8f5407 e-flex e-con-boxed e-con e-parent\" data-id=\"c8f5407\" data-element_type=\"container\">\n\t\t\t\t\t<div class=\"e-con-inner\">\n\t\t\t\t<div class=\"elementor-element elementor-element-adb7f99 elementor-widget elementor-widget-shortcode\" data-id=\"adb7f99\" data-element_type=\"widget\" data-widget_type=\"shortcode.default\">\n\t\t\t\t<div class=\"elementor-widget-container\">\n\t\t\t\t\t<div class=\"elementor-shortcode\"><\/div>\n\t\t\t\t<\/div>\n\t\t\t\t<\/div>\n\t\t\t\t\t<\/div>\n\t\t\t\t<\/div>\n\t\t\t\t<\/div>\n\t\t","protected":false},"excerpt":{"rendered":"<p>Usu\u0144 Produkt Cena SKU Ilo\u015b\u0107 Kwota Deszczomierz korytkowy (pluwiometr) ML-601SS-01 Deszczomierz korytkowy (pluwiometr) ML-601SS-01 quantity &times;&nbsp;3.101,00&#122;&#322; Kwota: 3.101,00&#122;&#322; Remove 3.101,00&#122;&#322; ML-601SS-01 Deszczomierz korytkowy (pluwiometr) ML-601SS-01&#8230;<\/p>\n","protected":false},"author":1,"featured_media":0,"parent":0,"menu_order":0,"comment_status":"closed","ping_status":"closed","template":"","meta":{"footnotes":""},"class_list":["post-6","page","type-page","status-publish","hentry"],"_links":{"self":[{"href":"https:\/\/meteolab.ai\/index.php\/wp-json\/wp\/v2\/pages\/6","targetHints":{"allow":["GET"]}}],"collection":[{"href":"https:\/\/meteolab.ai\/index.php\/wp-json\/wp\/v2\/pages"}],"about":[{"href":"https:\/\/meteolab.ai\/index.php\/wp-json\/wp\/v2\/types\/page"}],"author":[{"embeddable":true,"href":"https:\/\/meteolab.ai\/index.php\/wp-json\/wp\/v2\/users\/1"}],"replies":[{"embeddable":true,"href":"https:\/\/meteolab.ai\/index.php\/wp-json\/wp\/v2\/comments?post=6"}],"version-history":[{"count":57,"href":"https:\/\/meteolab.ai\/index.php\/wp-json\/wp\/v2\/pages\/6\/revisions"}],"predecessor-version":[{"id":7628,"href":"https:\/\/meteolab.ai\/index.php\/wp-json\/wp\/v2\/pages\/6\/revisions\/7628"}],"wp:attachment":[{"href":"https:\/\/meteolab.ai\/index.php\/wp-json\/wp\/v2\/media?parent=6"}],"curies":[{"name":"wp","href":"https:\/\/api.w.org\/{rel}","templated":true}]}}