{"id":6077,"date":"2024-11-04T13:21:56","date_gmt":"2024-11-04T13:21:56","guid":{"rendered":"https:\/\/meteolab.codewith.pl\/?page_id=6077"},"modified":"2025-03-07T12:01:34","modified_gmt":"2025-03-07T12:01:34","slug":"hydrologia","status":"publish","type":"page","link":"https:\/\/meteolab.ai\/index.php\/hydrologia\/","title":{"rendered":"hydrologia"},"content":{"rendered":"\t\t<div data-elementor-type=\"wp-page\" data-elementor-id=\"6077\" class=\"elementor elementor-6077\" data-elementor-post-type=\"page\">\n\t\t\t\t<div class=\"elementor-element elementor-element-4e6e876 e-flex e-con-boxed e-con e-parent\" data-id=\"4e6e876\" data-element_type=\"container\" data-settings=\"{&quot;background_background&quot;:&quot;classic&quot;}\">\n\t\t\t\t\t<div class=\"e-con-inner\">\n\t\t\t\t<div class=\"elementor-element elementor-element-8b05b71 elementor-widget elementor-widget-text-editor\" data-id=\"8b05b71\" data-element_type=\"widget\" data-widget_type=\"text-editor.default\">\n\t\t\t\t<div class=\"elementor-widget-container\">\n\t\t\t\t\t\t\t<p>HYDROLOGIA<\/p>\t\t\t\t\t\t<\/div>\n\t\t\t\t<\/div>\n\t\t\t\t<div class=\"elementor-element elementor-element-ac02a4d elementor-widget elementor-widget-text-editor\" data-id=\"ac02a4d\" data-element_type=\"widget\" data-widget_type=\"text-editor.default\">\n\t\t\t\t<div class=\"elementor-widget-container\">\n\t\t\t\t\t\t\t<p>Rozwi\u0105zanie Do Monitorowania Hydrologicznego<\/p>\t\t\t\t\t\t<\/div>\n\t\t\t\t<\/div>\n\t\t\t\t<div class=\"elementor-element elementor-element-584c48f elementor-widget__width-initial elementor-widget elementor-widget-text-editor\" data-id=\"584c48f\" data-element_type=\"widget\" data-widget_type=\"text-editor.default\">\n\t\t\t\t<div class=\"elementor-widget-container\">\n\t\t\t\t\t\t\t<p>Dzi\u0119ki naszemu systemowi monitorowania hydrologicznego mo\u017cesz bez wysi\u0142ku monitorowa\u0107 poziom wody, nat\u0119\u017cenie przep\u0142ywu, opady deszczu i inne kluczowe parametry w czasie rzeczywistym.<\/p>\t\t\t\t\t\t<\/div>\n\t\t\t\t<\/div>\n\t\t\t\t\t<\/div>\n\t\t\t\t<\/div>\n\t\t<div class=\"elementor-element elementor-element-6adf0f6 e-flex e-con-boxed e-con e-parent\" data-id=\"6adf0f6\" data-element_type=\"container\" data-settings=\"{&quot;background_background&quot;:&quot;classic&quot;}\">\n\t\t\t\t\t<div class=\"e-con-inner\">\n\t\t<div class=\"elementor-element elementor-element-44c7ab5 e-flex e-con-boxed e-con e-child\" data-id=\"44c7ab5\" data-element_type=\"container\" data-settings=\"{&quot;background_background&quot;:&quot;classic&quot;}\">\n\t\t\t\t\t<div class=\"e-con-inner\">\n\t\t\t\t<div class=\"elementor-element elementor-element-ec65358 elementor-widget__width-initial elementor-widget-mobile__width-inherit elementor-widget elementor-widget-text-editor\" data-id=\"ec65358\" data-element_type=\"widget\" data-widget_type=\"text-editor.default\">\n\t\t\t\t<div class=\"elementor-widget-container\">\n\t\t\t\t\t\t\t<p>HYDROLOGIA<\/p>\t\t\t\t\t\t<\/div>\n\t\t\t\t<\/div>\n\t\t\t\t<div class=\"elementor-element elementor-element-7d6371a elementor-widget__width-initial elementor-widget-mobile__width-inherit elementor-widget elementor-widget-text-editor\" data-id=\"7d6371a\" data-element_type=\"widget\" data-widget_type=\"text-editor.default\">\n\t\t\t\t<div class=\"elementor-widget-container\">\n\t\t\t\t\t\t\tRozwi\u0105zanie Do <span style=\"color: #47bdea;\">Monitorowania Hydrologicznego<\/span>\t\t\t\t\t\t<\/div>\n\t\t\t\t<\/div>\n\t\t\t\t<div class=\"elementor-element elementor-element-688533f elementor-widget__width-initial elementor-widget-mobile__width-initial elementor-widget elementor-widget-text-editor\" data-id=\"688533f\" data-element_type=\"widget\" data-widget_type=\"text-editor.default\">\n\t\t\t\t<div class=\"elementor-widget-container\">\n\t\t\t\t\t\t\t<p>Stacja hydrometeorologiczna s\u0142u\u017cy do monitorowania parametr\u00f3w hydrologicznych rzek, jezior, zbiornik\u00f3w, kana\u0142\u00f3w i w\u00f3d gruntowych w czasie rzeczywistym oraz do terminowego odzwierciedlania charakterystyki hydrologicznej ka\u017cdego obszaru wodnego, tak aby odpowiednie departamenty mog\u0142y sfinalizowa\u0107 prognozowanie, zapobieganie i \u0142agodzenie zagro\u017ce\u0144 naturalnych.<\/p>\t\t\t\t\t\t<\/div>\n\t\t\t\t<\/div>\n\t\t\t\t<div class=\"elementor-element elementor-element-6c3006f elementor-widget__width-initial elementor-widget-mobile__width-initial elementor-widget elementor-widget-text-editor\" data-id=\"6c3006f\" data-element_type=\"widget\" data-widget_type=\"text-editor.default\">\n\t\t\t\t<div class=\"elementor-widget-container\">\n\t\t\t\t\t\t\t<p>Tre\u015b\u0107 monitorowania hydrologicznego obejmuje: temperatur\u0119 wody, poziom wody, nat\u0119\u017cenie przep\u0142ywu itp. Stacja hydrologiczna mo\u017ce by\u0107 szeroko stosowana w badaniach meteorologicznych, zapobieganiu katastrofom i ich \u0142agodzeniu, badaniach naukowych i innych dziedzinach.<\/p>\t\t\t\t\t\t<\/div>\n\t\t\t\t<\/div>\n\t\t\t\t<div class=\"elementor-element elementor-element-6dbf16d elementor-widget__width-initial elementor-widget-mobile__width-initial elementor-widget elementor-widget-text-editor\" data-id=\"6dbf16d\" data-element_type=\"widget\" data-widget_type=\"text-editor.default\">\n\t\t\t\t<div class=\"elementor-widget-container\">\n\t\t\t\t\t\t\t<p>Dzi\u0119ki naszemu systemowi monitorowania hydrologicznego mo\u017cesz bez wysi\u0142ku monitorowa\u0107 poziom wody, nat\u0119\u017cenie przep\u0142ywu, opady deszczu i inne kluczowe parametry w czasie rzeczywistym. Niezale\u017cnie od tego, czy jeste\u015b agencj\u0105 rz\u0105dow\u0105, instytucj\u0105 badawcz\u0105 czy firm\u0105 konsultingow\u0105 ds. \u015brodowiska, nasze rozwi\u0105zanie oferuje niezr\u00f3wnan\u0105 niezawodno\u015b\u0107 i skalowalno\u015b\u0107, aby sprosta\u0107 Twoim potrzebom w zakresie monitorowania.<\/p>\t\t\t\t\t\t<\/div>\n\t\t\t\t<\/div>\n\t\t\t\t\t<\/div>\n\t\t\t\t<\/div>\n\t\t\t\t\t<\/div>\n\t\t\t\t<\/div>\n\t\t\t\t<\/div>\n\t\t","protected":false},"excerpt":{"rendered":"<p>HYDROLOGIA Rozwi\u0105zanie Do Monitorowania Hydrologicznego Dzi\u0119ki naszemu systemowi monitorowania hydrologicznego mo\u017cesz bez wysi\u0142ku monitorowa\u0107 poziom wody, nat\u0119\u017cenie przep\u0142ywu, opady deszczu i inne kluczowe parametry w&#8230;<\/p>\n","protected":false},"author":1,"featured_media":0,"parent":0,"menu_order":0,"comment_status":"closed","ping_status":"closed","template":"","meta":{"footnotes":""},"class_list":["post-6077","page","type-page","status-publish","hentry"],"_links":{"self":[{"href":"https:\/\/meteolab.ai\/index.php\/wp-json\/wp\/v2\/pages\/6077","targetHints":{"allow":["GET"]}}],"collection":[{"href":"https:\/\/meteolab.ai\/index.php\/wp-json\/wp\/v2\/pages"}],"about":[{"href":"https:\/\/meteolab.ai\/index.php\/wp-json\/wp\/v2\/types\/page"}],"author":[{"embeddable":true,"href":"https:\/\/meteolab.ai\/index.php\/wp-json\/wp\/v2\/users\/1"}],"replies":[{"embeddable":true,"href":"https:\/\/meteolab.ai\/index.php\/wp-json\/wp\/v2\/comments?post=6077"}],"version-history":[{"count":13,"href":"https:\/\/meteolab.ai\/index.php\/wp-json\/wp\/v2\/pages\/6077\/revisions"}],"predecessor-version":[{"id":7619,"href":"https:\/\/meteolab.ai\/index.php\/wp-json\/wp\/v2\/pages\/6077\/revisions\/7619"}],"wp:attachment":[{"href":"https:\/\/meteolab.ai\/index.php\/wp-json\/wp\/v2\/media?parent=6077"}],"curies":[{"name":"wp","href":"https:\/\/api.w.org\/{rel}","templated":true}]}}