{"id":8174,"date":"2025-03-18T12:54:36","date_gmt":"2025-03-18T12:54:36","guid":{"rendered":"https:\/\/meteolab.ai\/?post_type=product&#038;p=8174"},"modified":"2025-03-20T14:52:26","modified_gmt":"2025-03-20T14:52:26","slug":"deszczomierz-korytkowy-pluwiometr-ml-601ss-01","status":"publish","type":"product","link":"https:\/\/meteolab.ai\/index.php\/product\/deszczomierz-korytkowy-pluwiometr-ml-601ss-01\/","title":{"rendered":"Deszczomierz korytkowy (pluwiometr) ML-601SS-01"},"content":{"rendered":"<p>Deszczomierz korytkowy ML-601SS-01 jest przyrz\u0105dem u\u017cywanym w meteorologii i hydrologii do pomiaru ilo\u015bci opad\u00f3w w stanie ciek\u0142ym na danym obszarze w zdefiniowanym przedziale czasu.<\/p>\n<p>Charakterystyka deszczomierza:<\/p>\n<p>&#8211; Wysoka dok\u0142adno\u015b\u0107 i stabilno\u015b\u0107.<br \/>\n&#8211; Dobra liniowo\u015b\u0107, du\u017ca odleg\u0142o\u015b\u0107 transmisji i silne w\u0142a\u015bciwo\u015bci przeciwzak\u0142\u00f3ceniowe.<br \/>\n&#8211; Zosta\u0142 ulepszony poprzez dodanie wewn\u0119trznego lejka, aby wyr\u00f3wna\u0107 przep\u0142yw opad\u00f3w do korytka, zapewniaj\u0105c wi\u0119ksz\u0105 dok\u0142adno\u015b\u0107 przy wy\u017cszych nat\u0119\u017ceniach opad\u00f3w.<br \/>\n&#8211; Niezawodno\u015b\u0107 pracy deszczomierza zapewnia jako\u015b\u0107 wykonania korytka (ze stali nierdzewnej) oraz niewielki op\u00f3r podczas jego ruchu.<br \/>\n&#8211; Kolektor zbiorczy deszczomierza wykonany jest ze stali nierdzewnej, kt\u00f3ra ma silne w\u0142a\u015bciwo\u015bci antykorozyjne i zapewnia jako\u015b\u0107 wygl\u0105du oraz dodatkowo u\u0142atwia utrzymanie deszczomierz w czysto\u015bci.<br \/>\n&#8211; Obszar wlotowy (lejek ze stali nierdzewnej) posiada wysok\u0105 g\u0142adko\u015b\u0107 dzi\u0119ki czemu b\u0142\u0105d spowodowany powierzchni\u0105 zwil\u017con\u0105 jest zminimalizowany<br \/>\n&#8211; Wewn\u0119trzna poziomica u\u0142atwia prawid\u0142ow\u0105 regulacj\u0119 przyrz\u0105du.<br \/>\n&#8211; Zgodny z wymaganiami WMO.<\/p>\n<p>Parametry techniczne:<\/p>\n<p>&#8211; Mierzony parametr: opad ciek\u0142y<br \/>\n&#8211; Typ urz\u0105dzenia: deszczomierz korytkowy<br \/>\n&#8211; Klasa urz\u0105dzenia: referencyjna<br \/>\n&#8211; Zakres pomiarowy: 0,1-4mm\/min; maksymalnie do 8mm\/min<br \/>\n&#8211; Rozdzielczo\u015b\u0107: 0,2mm<br \/>\n&#8211; Dok\u0142adno\u015b\u0107: \u00b1\u22642%(\u2264240mm\/hr); \u00b1\u22643% (\u2264300mm\/hr)<br \/>\n&#8211; \u015arednica wlotowa: 200mm \u00b10.3%<br \/>\n&#8211; K\u0105t pier\u015bcienia wlotowego: 40-45\u00b0<br \/>\n&#8211; Zasilanie: 5VDC lub or 7-24VDC (dla sygna\u0142u wyj\u015bciowego RS485); maks 24VDC, 100mA (dla sygna\u0142u wyj\u015bciowego impulsowego)<br \/>\n&#8211; Wyj\u015bcie: RS485; impulsowe<\/p>\n","protected":false},"excerpt":{"rendered":"<p>Deszczomierz korytkowy ML-601SS-01 Modbus RTU o rozdzielczo\u015bci 0.2mm, w ca\u0142o\u015bci wykonany ze stali nierdzewnej, zgodny z wymaganiami WMO.<\/p>\n","protected":false},"featured_media":8410,"comment_status":"open","ping_status":"closed","template":"","meta":[],"product_cat":[3071],"product_tag":[],"class_list":{"0":"post-8174","1":"product","2":"type-product","3":"status-publish","4":"has-post-thumbnail","6":"product_cat-deszczomierz-korytkowy","8":"first","9":"instock","10":"shipping-taxable","11":"purchasable","12":"product-type-simple"},"etheme_brands":{"errors":{"invalid_taxonomy":["Nieprawid\u0142owa taksonomia."]},"error_data":[]},"_links":{"self":[{"href":"https:\/\/meteolab.ai\/index.php\/wp-json\/wp\/v2\/product\/8174","targetHints":{"allow":["GET"]}}],"collection":[{"href":"https:\/\/meteolab.ai\/index.php\/wp-json\/wp\/v2\/product"}],"about":[{"href":"https:\/\/meteolab.ai\/index.php\/wp-json\/wp\/v2\/types\/product"}],"replies":[{"embeddable":true,"href":"https:\/\/meteolab.ai\/index.php\/wp-json\/wp\/v2\/comments?post=8174"}],"version-history":[{"count":1,"href":"https:\/\/meteolab.ai\/index.php\/wp-json\/wp\/v2\/product\/8174\/revisions"}],"predecessor-version":[{"id":8204,"href":"https:\/\/meteolab.ai\/index.php\/wp-json\/wp\/v2\/product\/8174\/revisions\/8204"}],"wp:featuredmedia":[{"embeddable":true,"href":"https:\/\/meteolab.ai\/index.php\/wp-json\/wp\/v2\/media\/8410"}],"wp:attachment":[{"href":"https:\/\/meteolab.ai\/index.php\/wp-json\/wp\/v2\/media?parent=8174"}],"wp:term":[{"taxonomy":"product_cat","embeddable":true,"href":"https:\/\/meteolab.ai\/index.php\/wp-json\/wp\/v2\/product_cat?post=8174"},{"taxonomy":"product_tag","embeddable":true,"href":"https:\/\/meteolab.ai\/index.php\/wp-json\/wp\/v2\/product_tag?post=8174"}],"curies":[{"name":"wp","href":"https:\/\/api.w.org\/{rel}","templated":true}]}}