{"id":8181,"date":"2025-03-18T12:54:40","date_gmt":"2025-03-18T12:54:40","guid":{"rendered":"https:\/\/meteolab.ai\/?post_type=product&#038;p=8181"},"modified":"2025-03-20T14:44:47","modified_gmt":"2025-03-20T14:44:47","slug":"czujnik-temperatury-i-wilgotnosci-powietrza-z-cisnieniem-atmosferycznym-ml-wsq","status":"publish","type":"product","link":"https:\/\/meteolab.ai\/index.php\/product\/czujnik-temperatury-i-wilgotnosci-powietrza-z-cisnieniem-atmosferycznym-ml-wsq\/","title":{"rendered":"Czujnik temperatury i wilgotno\u015bci powietrza z ci\u015bnieniem atmosferycznym ML-WSQ"},"content":{"rendered":"<p>Czujnik do pomiaru temperatury i wilgotno\u015bci powietrza oraz ci\u015bnienia atmosferycznego z wyj\u015bciem analogowym i RS485. Czujnik jest umieszczony w profesjonalnej os\u0142onie antyradiacyjnej odpornej na promieniowanie UV.<\/p>\n","protected":false},"excerpt":{"rendered":"<p>Czujnik temperatury i wilgotno\u015bci powietrza z ci\u015bnieniem atmosferycznym ML-WSQ Modbus RTU umieszczony w os\u0142onie radiacyjnej.<\/p>\n","protected":false},"featured_media":8394,"comment_status":"open","ping_status":"closed","template":"","meta":[],"product_cat":[3074],"product_tag":[],"class_list":{"0":"post-8181","1":"product","2":"type-product","3":"status-publish","4":"has-post-thumbnail","6":"product_cat-multiczujnik","8":"first","9":"instock","10":"shipping-taxable","11":"purchasable","12":"product-type-simple"},"etheme_brands":{"errors":{"invalid_taxonomy":["Nieprawid\u0142owa taksonomia."]},"error_data":[]},"_links":{"self":[{"href":"https:\/\/meteolab.ai\/index.php\/wp-json\/wp\/v2\/product\/8181","targetHints":{"allow":["GET"]}}],"collection":[{"href":"https:\/\/meteolab.ai\/index.php\/wp-json\/wp\/v2\/product"}],"about":[{"href":"https:\/\/meteolab.ai\/index.php\/wp-json\/wp\/v2\/types\/product"}],"replies":[{"embeddable":true,"href":"https:\/\/meteolab.ai\/index.php\/wp-json\/wp\/v2\/comments?post=8181"}],"version-history":[{"count":1,"href":"https:\/\/meteolab.ai\/index.php\/wp-json\/wp\/v2\/product\/8181\/revisions"}],"predecessor-version":[{"id":8211,"href":"https:\/\/meteolab.ai\/index.php\/wp-json\/wp\/v2\/product\/8181\/revisions\/8211"}],"wp:featuredmedia":[{"embeddable":true,"href":"https:\/\/meteolab.ai\/index.php\/wp-json\/wp\/v2\/media\/8394"}],"wp:attachment":[{"href":"https:\/\/meteolab.ai\/index.php\/wp-json\/wp\/v2\/media?parent=8181"}],"wp:term":[{"taxonomy":"product_cat","embeddable":true,"href":"https:\/\/meteolab.ai\/index.php\/wp-json\/wp\/v2\/product_cat?post=8181"},{"taxonomy":"product_tag","embeddable":true,"href":"https:\/\/meteolab.ai\/index.php\/wp-json\/wp\/v2\/product_tag?post=8181"}],"curies":[{"name":"wp","href":"https:\/\/api.w.org\/{rel}","templated":true}]}}