{"id":8185,"date":"2025-03-18T12:54:42","date_gmt":"2025-03-18T12:54:42","guid":{"rendered":"https:\/\/meteolab.ai\/?post_type=product&#038;p=8185"},"modified":"2025-03-20T14:39:34","modified_gmt":"2025-03-20T14:39:34","slug":"wiatromierz-anemometr-ultradzwiekowy-ml-cf2h1","status":"publish","type":"product","link":"https:\/\/meteolab.ai\/index.php\/product\/wiatromierz-anemometr-ultradzwiekowy-ml-cf2h1\/","title":{"rendered":"Wiatromierz (anemometr) ultrad\u017awi\u0119kowy ML-CF2(H1)"},"content":{"rendered":"<p>Anemometr ultrad\u017awi\u0119kowy charakteryzuje si\u0119 nisk\u0105 wag\u0105, wytrzyma\u0142o\u015bci\u0105 oraz brakiem ruchomych cz\u0119\u015bci, co sprawia, \u017ce jest bezobs\u0142ugowy i nie wymaga konserwacji ani kalibracji na miejscu. Urz\u0105dzenie mierzy pr\u0119dko\u015b\u0107 i kierunek wiatru.<br \/>\nMo\u017ce by\u0107 u\u017cywane w po\u0142\u0105czeniu z komputerem, rejestratorem danych lub innym urz\u0105dzeniem obs\u0142uguj\u0105cym kompatybilny protok\u00f3\u0142 komunikacyjny.<br \/>\nDodatkowo, anemometr mo\u017ce integrowa\u0107 opcjonalne modu\u0142y, dostosowuj\u0105c si\u0119 do indywidualnych potrzeb klient\u00f3w bez zmiany swojego wygl\u0105du. Przyk\u0142adem mo\u017ce by\u0107 dodanie czujnika ci\u015bnienia barometrycznego do pomiaru ci\u015bnienia powietrza lub modu\u0142u 3D do pomiaru pionowej lub poziomej amplitudy drga\u0144.<\/p>\n<p>Funkcje:<br \/>\n&#8211; Brak ruchomych lub zu\u017cywaj\u0105cych si\u0119 cz\u0119\u015bci.<br \/>\n&#8211; Bezobs\u0142ugowy.<br \/>\n&#8211; Solidny, wytrzyma\u0142y i niezawodny.<br \/>\n&#8211; Wysoka precyzja i dok\u0142adno\u015b\u0107.<br \/>\n&#8211; Ogrzewany.<\/p>\n<p>Parametry techniczne:<br \/>\n&#8211; Pr\u0119dko\u015b\u0107 wiatru &#8211; zakres: 0 &#8211; 60 m\/s<br \/>\n&#8211; Pr\u0119dko\u015b\u0107 wiatru &#8211; dok\u0142adno\u015b\u0107: \u00b12%<br \/>\n&#8211; Pr\u0119dko\u015b\u0107 wiatru &#8211; rozdzielczo\u015b\u0107: 0,01 m\/s<br \/>\n&#8211; Pr\u0119dko\u015b\u0107 wiatru &#8211; jednostka: m\/s, km\/h, w\u0119z\u0142y, mph, ft\/min (do wyboru)<br \/>\n&#8211; Kierunek wiatru &#8211; zakres: 0-359\u00b0<br \/>\n&#8211; Kierunek wiatru &#8211; dok\u0142adno\u015b\u0107: \u00b13\u00b0<br \/>\n&#8211; Kierunek wiatru &#8211; rozdzielczo\u015b\u0107: 1\u00b0<br \/>\n&#8211; Wyj\u015bcia: RS232, RS485, SDI-12, opcjonalnie 4-20mA maks. obci\u0105\u017cenie 500\u03a9<br \/>\n&#8211; Protok\u00f3\u0142: ModBus-RTU\/NMEA 0183\/SDI-12<br \/>\n&#8211; Stopie\u0144 ochrony: IP65<br \/>\n&#8211; Temperatura pracy: -40\u00b0C &#8211; +70\u00b0C<br \/>\n&#8211; Wilgotno\u015b\u0107 pracy: 0 &#8211; 100%<br \/>\n&#8211; Zasilanie: 5-30VDC<br \/>\n&#8211; Pob\u00f3r mocy: 5mA@12V (ogrzewanie wy\u0142\u0105czone); 125mA@12V (ogrzewanie w\u0142\u0105czone)<br \/>\n&#8211; Rozmiar: \u03a6144\u00d7165 mm<br \/>\n&#8211; Waga: 0,68 kg<br \/>\n&#8211; Materia\u0142 korpusu: ASA<\/p>\n","protected":false},"excerpt":{"rendered":"<p>Profesjonalny anemometr ultrad\u017awi\u0119kowy ML-CF2(H1) Modbus RTU z ogrzewaniem.<\/p>\n","protected":false},"featured_media":8374,"comment_status":"open","ping_status":"closed","template":"","meta":[],"product_cat":[3078],"product_tag":[],"class_list":{"0":"post-8185","1":"product","2":"type-product","3":"status-publish","4":"has-post-thumbnail","6":"product_cat-wiatromierz-ultradzwiekowy","8":"first","9":"instock","10":"shipping-taxable","11":"purchasable","12":"product-type-simple"},"etheme_brands":{"errors":{"invalid_taxonomy":["Nieprawid\u0142owa taksonomia."]},"error_data":[]},"_links":{"self":[{"href":"https:\/\/meteolab.ai\/index.php\/wp-json\/wp\/v2\/product\/8185","targetHints":{"allow":["GET"]}}],"collection":[{"href":"https:\/\/meteolab.ai\/index.php\/wp-json\/wp\/v2\/product"}],"about":[{"href":"https:\/\/meteolab.ai\/index.php\/wp-json\/wp\/v2\/types\/product"}],"replies":[{"embeddable":true,"href":"https:\/\/meteolab.ai\/index.php\/wp-json\/wp\/v2\/comments?post=8185"}],"version-history":[{"count":1,"href":"https:\/\/meteolab.ai\/index.php\/wp-json\/wp\/v2\/product\/8185\/revisions"}],"predecessor-version":[{"id":8215,"href":"https:\/\/meteolab.ai\/index.php\/wp-json\/wp\/v2\/product\/8185\/revisions\/8215"}],"wp:featuredmedia":[{"embeddable":true,"href":"https:\/\/meteolab.ai\/index.php\/wp-json\/wp\/v2\/media\/8374"}],"wp:attachment":[{"href":"https:\/\/meteolab.ai\/index.php\/wp-json\/wp\/v2\/media?parent=8185"}],"wp:term":[{"taxonomy":"product_cat","embeddable":true,"href":"https:\/\/meteolab.ai\/index.php\/wp-json\/wp\/v2\/product_cat?post=8185"},{"taxonomy":"product_tag","embeddable":true,"href":"https:\/\/meteolab.ai\/index.php\/wp-json\/wp\/v2\/product_tag?post=8185"}],"curies":[{"name":"wp","href":"https:\/\/api.w.org\/{rel}","templated":true}]}}