{"id":8186,"date":"2025-03-18T12:54:42","date_gmt":"2025-03-18T12:54:42","guid":{"rendered":"https:\/\/meteolab.ai\/?post_type=product&#038;p=8186"},"modified":"2025-08-14T05:43:36","modified_gmt":"2025-08-14T05:43:36","slug":"wiatromierz-anemometr-ultradzwiekowy-ml-w87xm1-1","status":"publish","type":"product","link":"https:\/\/meteolab.ai\/index.php\/product\/wiatromierz-anemometr-ultradzwiekowy-ml-w87xm1-1\/","title":{"rendered":"Wiatromierz (anemometr) ultrad\u017awi\u0119kowy ML-W87X(M1-1)"},"content":{"rendered":"<p>Wiatromierz ultrad\u017awi\u0119kowy ML-W87X(M1-1) Modbus do zastosowa\u0144 morskich. Odporny na korozj\u0119 ultrad\u017awi\u0119kowy anemometr do monitorowania pr\u0119dko\u015bci i kierunku wiatru to przyrz\u0105d do specjalnie zaprojektowany do \u015brodowiska morskiego lub silnie korozyjnego \u015brodowiska gazowego. W por\u00f3wnaniu z tradycyjnym ultrad\u017awi\u0119kowym wiatromierzem jest wyposa\u017cony w specjalny przetwornik ultrad\u017awi\u0119kowy odporny na korozj\u0119 soln\u0105.<\/p>\n<p>Idealny do zastosowa\u0144 w portach, na wyspach, statkach, platformach wiertniczych na morzu i innych obszarach.<\/p>\n<p>Parametry techniczne:<\/p>\n","protected":false},"excerpt":{"rendered":"<p>Niewielki anemometr ultrad\u017awi\u0119kowy ML-W87X(M1-1) do zastosowa\u0144 w trudnych warunkach \u015brodowiskowych.<\/p>\n","protected":false},"featured_media":8377,"comment_status":"open","ping_status":"closed","template":"","meta":[],"product_cat":[3078],"product_tag":[],"class_list":{"0":"post-8186","1":"product","2":"type-product","3":"status-publish","4":"has-post-thumbnail","6":"product_cat-wiatromierz-ultradzwiekowy","8":"first","9":"instock","10":"shipping-taxable","11":"purchasable","12":"product-type-simple"},"etheme_brands":{"errors":{"invalid_taxonomy":["Nieprawid\u0142owa taksonomia."]},"error_data":[]},"_links":{"self":[{"href":"https:\/\/meteolab.ai\/index.php\/wp-json\/wp\/v2\/product\/8186","targetHints":{"allow":["GET"]}}],"collection":[{"href":"https:\/\/meteolab.ai\/index.php\/wp-json\/wp\/v2\/product"}],"about":[{"href":"https:\/\/meteolab.ai\/index.php\/wp-json\/wp\/v2\/types\/product"}],"replies":[{"embeddable":true,"href":"https:\/\/meteolab.ai\/index.php\/wp-json\/wp\/v2\/comments?post=8186"}],"version-history":[{"count":1,"href":"https:\/\/meteolab.ai\/index.php\/wp-json\/wp\/v2\/product\/8186\/revisions"}],"predecessor-version":[{"id":8216,"href":"https:\/\/meteolab.ai\/index.php\/wp-json\/wp\/v2\/product\/8186\/revisions\/8216"}],"wp:featuredmedia":[{"embeddable":true,"href":"https:\/\/meteolab.ai\/index.php\/wp-json\/wp\/v2\/media\/8377"}],"wp:attachment":[{"href":"https:\/\/meteolab.ai\/index.php\/wp-json\/wp\/v2\/media?parent=8186"}],"wp:term":[{"taxonomy":"product_cat","embeddable":true,"href":"https:\/\/meteolab.ai\/index.php\/wp-json\/wp\/v2\/product_cat?post=8186"},{"taxonomy":"product_tag","embeddable":true,"href":"https:\/\/meteolab.ai\/index.php\/wp-json\/wp\/v2\/product_tag?post=8186"}],"curies":[{"name":"wp","href":"https:\/\/api.w.org\/{rel}","templated":true}]}}