{"id":8187,"date":"2025-03-18T12:54:43","date_gmt":"2025-03-18T12:54:43","guid":{"rendered":"https:\/\/meteolab.ai\/?post_type=product&#038;p=8187"},"modified":"2025-03-20T14:38:39","modified_gmt":"2025-03-20T14:38:39","slug":"czujnik-promieniowania-slonecznego-pyranometr-ml-tbq","status":"publish","type":"product","link":"https:\/\/meteolab.ai\/index.php\/product\/czujnik-promieniowania-slonecznego-pyranometr-ml-tbq\/","title":{"rendered":"Czujnik promieniowania s\u0142onecznego (pyranometr) ML-TBQ"},"content":{"rendered":"<p>Czujnik ca\u0142kowitego promieniowania ML-TBQ wykorzystuje zasad\u0119 czujnika piroelektrycznego i mierzy r\u00f3\u017cne rodzaje promieniowania: ca\u0142kowite promieniowanie s\u0142oneczne, promieniowanie odbite, promieniowanie rozproszone, promieniowanie podczerwone, \u015bwiat\u0142o widzialne, promieniowanie ultrafioletowe, promieniowanie d\u0142ugofalowe.<br \/>\nRdze\u0144 indukcyjnego elementu czujnika, wykorzystuj\u0105cy uzwojenie galwaniczne wielostykowego termopilu, jego powierzchnia jest pokryta czarn\u0105 pow\u0142ok\u0105 o wysokiej szybko\u015bci absorpcji. Z\u0142\u0105cze gor\u0105ce znajduje si\u0119 w korpusie, styki gor\u0105ce i zimne generuj\u0105 moc termoelektryczn\u0105. W zakresie liniowym, proporcjonalnie do sygna\u0142u wyj\u015bciowego i nat\u0119\u017cenia promieniowania s\u0142onecznego.<br \/>\nPodw\u00f3jne szk\u0142o ma na celu zmniejszenie wp\u0142ywu promieniowania konwekcyjnego powietrza, wewn\u0119trzna pokrywa ma na celu odci\u0119cie promieniowania podczerwonego samej gondoli.<\/p>\n<p>Parametry techniczne:<br \/>\n&#8211; Czu\u0142o\u015b\u0107: 7-14\u03bcV\u25aam2\uff0fW<br \/>\n&#8211; Zakres widmowy: 0,3-3\u03bcm<br \/>\n&#8211; Zakres pomiarowy: 0-2000W\/m2<br \/>\n&#8211; Rozdzielczo\u015b\u0107: 1W\/m2<br \/>\n&#8211; Dok\u0142adno\u015b\u0107: \u00b13%<br \/>\n&#8211; Czas reakcji: \u226435s(99%)<br \/>\n&#8211; Op\u00f3r wewn\u0119trzny: Oko\u0142o 250\u03a9<br \/>\n&#8211; Selektywno\u015b\u0107 widmowa: \u2264\u00b110%<br \/>\n&#8211; Niestabilno\u015b\u0107: \u2264\u00b13%<br \/>\n&#8211; Reakcja na pochylenie: \u2264\u00b13%<br \/>\n&#8211; B\u0142\u0105d odpowiedzi azymutu: \u2264\u00b130 W\/ m2<br \/>\n&#8211; Charakterystyka temperaturowa: \u00b18% (-40\u00b0C do +40\u00b0C)<br \/>\n&#8211; Nieliniowo\u015b\u0107: \u22643%<br \/>\n&#8211; Temperatura pracy i wilgotno\u015b\u0107: -40 do +50\u00b0C, wilgotno\u015b\u0107 wzgl\u0119dna 0-100%<br \/>\n&#8211; D\u0142ugo\u015b\u0107 kabla: 2,5m lub dostosowane<br \/>\n&#8211; Zasilanie: 5VDC lub 9-30VDC<br \/>\n&#8211; Wyj\u015bcie: RS485 Modbus\/ASCII, RS232 Modbus\/ASCII, 4-20mA, 0-20mA, 0-5V, 0-2,5V<\/p>\n","protected":false},"excerpt":{"rendered":"<p>Czujnik promieniowania s\u0142onecznego (pyranometr) ML-TBQ w klasie B do pomiaru ca\u0142kowitego promieniowania docieraj\u0105cego po powierzchni Ziemi.<\/p>\n","protected":false},"featured_media":8369,"comment_status":"open","ping_status":"closed","template":"","meta":[],"product_cat":[3080],"product_tag":[],"class_list":{"0":"post-8187","1":"product","2":"type-product","3":"status-publish","4":"has-post-thumbnail","6":"product_cat-promieniowanie-sloneczne","8":"first","9":"instock","10":"shipping-taxable","11":"purchasable","12":"product-type-simple"},"etheme_brands":{"errors":{"invalid_taxonomy":["Nieprawid\u0142owa taksonomia."]},"error_data":[]},"_links":{"self":[{"href":"https:\/\/meteolab.ai\/index.php\/wp-json\/wp\/v2\/product\/8187","targetHints":{"allow":["GET"]}}],"collection":[{"href":"https:\/\/meteolab.ai\/index.php\/wp-json\/wp\/v2\/product"}],"about":[{"href":"https:\/\/meteolab.ai\/index.php\/wp-json\/wp\/v2\/types\/product"}],"replies":[{"embeddable":true,"href":"https:\/\/meteolab.ai\/index.php\/wp-json\/wp\/v2\/comments?post=8187"}],"version-history":[{"count":1,"href":"https:\/\/meteolab.ai\/index.php\/wp-json\/wp\/v2\/product\/8187\/revisions"}],"predecessor-version":[{"id":8217,"href":"https:\/\/meteolab.ai\/index.php\/wp-json\/wp\/v2\/product\/8187\/revisions\/8217"}],"wp:featuredmedia":[{"embeddable":true,"href":"https:\/\/meteolab.ai\/index.php\/wp-json\/wp\/v2\/media\/8369"}],"wp:attachment":[{"href":"https:\/\/meteolab.ai\/index.php\/wp-json\/wp\/v2\/media?parent=8187"}],"wp:term":[{"taxonomy":"product_cat","embeddable":true,"href":"https:\/\/meteolab.ai\/index.php\/wp-json\/wp\/v2\/product_cat?post=8187"},{"taxonomy":"product_tag","embeddable":true,"href":"https:\/\/meteolab.ai\/index.php\/wp-json\/wp\/v2\/product_tag?post=8187"}],"curies":[{"name":"wp","href":"https:\/\/api.w.org\/{rel}","templated":true}]}}