{"id":8189,"date":"2025-03-18T12:54:44","date_gmt":"2025-03-18T12:54:44","guid":{"rendered":"https:\/\/meteolab.ai\/?post_type=product&#038;p=8189"},"modified":"2025-03-20T14:36:35","modified_gmt":"2025-03-20T14:36:35","slug":"czujnik-promieniowania-slonecznego-pyranometr-ml-sr1l","status":"publish","type":"product","link":"https:\/\/meteolab.ai\/index.php\/product\/czujnik-promieniowania-slonecznego-pyranometr-ml-sr1l\/","title":{"rendered":"Czujnik promieniowania s\u0142onecznego (pyranometr)  ML-SR1(L)"},"content":{"rendered":"<p>Czujnik promieniowania oparty jest na filtrze optycznym i precyzyjnym obwodzie detekcji, kt\u00f3ry mo\u017ce w spos\u00f3b ci\u0105g\u0142y mierzy\u0107 promieniowanie s\u0142oneczne. Zakres spektralny 300-1100nm.<\/p>\n","protected":false},"excerpt":{"rendered":"<p>Czujnik promieniowania s\u0142onecznego (pyranometr) ML-SR1(L) Modbus RTU.<\/p>\n","protected":false},"featured_media":8366,"comment_status":"open","ping_status":"closed","template":"","meta":[],"product_cat":[3080],"product_tag":[],"class_list":{"0":"post-8189","1":"product","2":"type-product","3":"status-publish","4":"has-post-thumbnail","6":"product_cat-promieniowanie-sloneczne","8":"first","9":"instock","10":"shipping-taxable","11":"purchasable","12":"product-type-simple"},"etheme_brands":{"errors":{"invalid_taxonomy":["Nieprawid\u0142owa taksonomia."]},"error_data":[]},"_links":{"self":[{"href":"https:\/\/meteolab.ai\/index.php\/wp-json\/wp\/v2\/product\/8189","targetHints":{"allow":["GET"]}}],"collection":[{"href":"https:\/\/meteolab.ai\/index.php\/wp-json\/wp\/v2\/product"}],"about":[{"href":"https:\/\/meteolab.ai\/index.php\/wp-json\/wp\/v2\/types\/product"}],"replies":[{"embeddable":true,"href":"https:\/\/meteolab.ai\/index.php\/wp-json\/wp\/v2\/comments?post=8189"}],"version-history":[{"count":1,"href":"https:\/\/meteolab.ai\/index.php\/wp-json\/wp\/v2\/product\/8189\/revisions"}],"predecessor-version":[{"id":8219,"href":"https:\/\/meteolab.ai\/index.php\/wp-json\/wp\/v2\/product\/8189\/revisions\/8219"}],"wp:featuredmedia":[{"embeddable":true,"href":"https:\/\/meteolab.ai\/index.php\/wp-json\/wp\/v2\/media\/8366"}],"wp:attachment":[{"href":"https:\/\/meteolab.ai\/index.php\/wp-json\/wp\/v2\/media?parent=8189"}],"wp:term":[{"taxonomy":"product_cat","embeddable":true,"href":"https:\/\/meteolab.ai\/index.php\/wp-json\/wp\/v2\/product_cat?post=8189"},{"taxonomy":"product_tag","embeddable":true,"href":"https:\/\/meteolab.ai\/index.php\/wp-json\/wp\/v2\/product_tag?post=8189"}],"curies":[{"name":"wp","href":"https:\/\/api.w.org\/{rel}","templated":true}]}}