{"id":8191,"date":"2025-03-18T12:54:46","date_gmt":"2025-03-18T12:54:46","guid":{"rendered":"https:\/\/meteolab.ai\/?post_type=product&#038;p=8191"},"modified":"2025-03-20T14:34:29","modified_gmt":"2025-03-20T14:34:29","slug":"czujnik-azot-fosfor-potas-w-glebie-temperatura-gleby-ml-npk","status":"publish","type":"product","link":"https:\/\/meteolab.ai\/index.php\/product\/czujnik-azot-fosfor-potas-w-glebie-temperatura-gleby-ml-npk\/","title":{"rendered":"Czujnik azot\/fosfor\/potas w glebie; temperatura gleby ML-NPK"},"content":{"rendered":"<p>Czujnik przeznaczony jest do pomiaru temperatury oraz azotu, fosforu i potasu (NPK) w glebie oraz oceny jej \u017cyzno\u015bci poprzez wykrywanie zawarto\u015bci tych pierwiastk\u00f3w.<\/p>\n","protected":false},"excerpt":{"rendered":"<p>Czujnik azot\/fosfor\/potas w glebie oraz temperatury gleby ML-NPK Modnus RTU.<\/p>\n","protected":false},"featured_media":8361,"comment_status":"open","ping_status":"closed","template":"","meta":[],"product_cat":[3083],"product_tag":[],"class_list":{"0":"post-8191","1":"product","2":"type-product","3":"status-publish","4":"has-post-thumbnail","6":"product_cat-multiczujnik-gleba","8":"first","9":"instock","10":"shipping-taxable","11":"purchasable","12":"product-type-simple"},"etheme_brands":{"errors":{"invalid_taxonomy":["Nieprawid\u0142owa taksonomia."]},"error_data":[]},"_links":{"self":[{"href":"https:\/\/meteolab.ai\/index.php\/wp-json\/wp\/v2\/product\/8191","targetHints":{"allow":["GET"]}}],"collection":[{"href":"https:\/\/meteolab.ai\/index.php\/wp-json\/wp\/v2\/product"}],"about":[{"href":"https:\/\/meteolab.ai\/index.php\/wp-json\/wp\/v2\/types\/product"}],"replies":[{"embeddable":true,"href":"https:\/\/meteolab.ai\/index.php\/wp-json\/wp\/v2\/comments?post=8191"}],"version-history":[{"count":1,"href":"https:\/\/meteolab.ai\/index.php\/wp-json\/wp\/v2\/product\/8191\/revisions"}],"predecessor-version":[{"id":8221,"href":"https:\/\/meteolab.ai\/index.php\/wp-json\/wp\/v2\/product\/8191\/revisions\/8221"}],"wp:featuredmedia":[{"embeddable":true,"href":"https:\/\/meteolab.ai\/index.php\/wp-json\/wp\/v2\/media\/8361"}],"wp:attachment":[{"href":"https:\/\/meteolab.ai\/index.php\/wp-json\/wp\/v2\/media?parent=8191"}],"wp:term":[{"taxonomy":"product_cat","embeddable":true,"href":"https:\/\/meteolab.ai\/index.php\/wp-json\/wp\/v2\/product_cat?post=8191"},{"taxonomy":"product_tag","embeddable":true,"href":"https:\/\/meteolab.ai\/index.php\/wp-json\/wp\/v2\/product_tag?post=8191"}],"curies":[{"name":"wp","href":"https:\/\/api.w.org\/{rel}","templated":true}]}}