{"id":8192,"date":"2025-03-18T12:54:46","date_gmt":"2025-03-18T12:54:46","guid":{"rendered":"https:\/\/meteolab.ai\/?post_type=product&#038;p=8192"},"modified":"2025-03-20T14:33:24","modified_gmt":"2025-03-20T14:33:24","slug":"czujnik-wilgotnosci-i-temperatury-gleby-ml-sm1z3","status":"publish","type":"product","link":"https:\/\/meteolab.ai\/index.php\/product\/czujnik-wilgotnosci-i-temperatury-gleby-ml-sm1z3\/","title":{"rendered":"Czujnik wilgotno\u015bci i temperatury gleby ML-SM1(Z3)"},"content":{"rendered":"<p>Czujnik mierzy wilgotno\u015b\u0107 oraz temperatur\u0119 gleby. Posiada uszczelniony korpus z tworzywa sztucznego, wype\u0142niony \u017cywic\u0105, oraz pr\u0119ty czujnikowe, kt\u00f3re mo\u017cna bezpo\u015brednio w\u0142o\u017cy\u0107 do gleby. Zapewnia d\u0142ugotrwa\u0142\u0105 stabilno\u015b\u0107 pomiar\u00f3w.<\/p>\n","protected":false},"excerpt":{"rendered":"<p>Czujnik wilgotno\u015bci i temperatury gleby ML-SM1(Z3) Modbus RTU.<\/p>\n","protected":false},"featured_media":8360,"comment_status":"open","ping_status":"closed","template":"","meta":[],"product_cat":[3084],"product_tag":[],"class_list":{"0":"post-8192","1":"product","2":"type-product","3":"status-publish","4":"has-post-thumbnail","6":"product_cat-temperatura-wilgotnosc-gleba","8":"first","9":"instock","10":"shipping-taxable","11":"purchasable","12":"product-type-simple"},"etheme_brands":{"errors":{"invalid_taxonomy":["Nieprawid\u0142owa taksonomia."]},"error_data":[]},"_links":{"self":[{"href":"https:\/\/meteolab.ai\/index.php\/wp-json\/wp\/v2\/product\/8192","targetHints":{"allow":["GET"]}}],"collection":[{"href":"https:\/\/meteolab.ai\/index.php\/wp-json\/wp\/v2\/product"}],"about":[{"href":"https:\/\/meteolab.ai\/index.php\/wp-json\/wp\/v2\/types\/product"}],"replies":[{"embeddable":true,"href":"https:\/\/meteolab.ai\/index.php\/wp-json\/wp\/v2\/comments?post=8192"}],"version-history":[{"count":1,"href":"https:\/\/meteolab.ai\/index.php\/wp-json\/wp\/v2\/product\/8192\/revisions"}],"predecessor-version":[{"id":8222,"href":"https:\/\/meteolab.ai\/index.php\/wp-json\/wp\/v2\/product\/8192\/revisions\/8222"}],"wp:featuredmedia":[{"embeddable":true,"href":"https:\/\/meteolab.ai\/index.php\/wp-json\/wp\/v2\/media\/8360"}],"wp:attachment":[{"href":"https:\/\/meteolab.ai\/index.php\/wp-json\/wp\/v2\/media?parent=8192"}],"wp:term":[{"taxonomy":"product_cat","embeddable":true,"href":"https:\/\/meteolab.ai\/index.php\/wp-json\/wp\/v2\/product_cat?post=8192"},{"taxonomy":"product_tag","embeddable":true,"href":"https:\/\/meteolab.ai\/index.php\/wp-json\/wp\/v2\/product_tag?post=8192"}],"curies":[{"name":"wp","href":"https:\/\/api.w.org\/{rel}","templated":true}]}}