{"id":8196,"date":"2025-03-18T12:54:49","date_gmt":"2025-03-18T12:54:49","guid":{"rendered":"https:\/\/meteolab.ai\/?post_type=product&#038;p=8196"},"modified":"2025-03-20T14:28:19","modified_gmt":"2025-03-20T14:28:19","slug":"czujnik-ph-i-temperatury-wody-ml-wphb","status":"publish","type":"product","link":"https:\/\/meteolab.ai\/index.php\/product\/czujnik-ph-i-temperatury-wody-ml-wphb\/","title":{"rendered":"Czujnik pH i temperatury wody ML-WPH(B)"},"content":{"rendered":"<p>Czujnik warto\u015bci pH i temperatury przyjmuje podw\u00f3jny, wysokooporowy, trzyelektrodowy system, kt\u00f3ry ma cechy kalibracji online jednym przyciskiem, kompensacji temperatury w czasie rzeczywistym, alarmu p\u0119kni\u0119cia elektrody, korygowania dobrego i z\u0142ego alarmu punktu elektrody, zabezpieczenia przed wy\u0142\u0105czeniem zasilania (kt\u00f3re mo\u017ce sprawi\u0107, \u017ce wyniki kalibracji i wst\u0119pnie ustawione dane nie zostan\u0105 utracone z powodu wy\u0142\u0105czenia lub awarii zasilania), zabezpieczenia nadpr\u0105dowego, zabezpieczenia przeciwprzepi\u0119ciowego, wysokiej precyzji pomiaru, szybkiej reakcji i d\u0142ugiej \u017cywotno\u015bci.<\/p>\n","protected":false},"excerpt":{"rendered":"<p>Czujnik pH i temperatury wody ML-WPH(B) Modbus RTU do zastosowa\u0144 w ochronie \u015brodowiska i rolnictwie.<\/p>\n","protected":false},"featured_media":8350,"comment_status":"open","ping_status":"closed","template":"","meta":[],"product_cat":[3087],"product_tag":[],"class_list":{"0":"post-8196","1":"product","2":"type-product","3":"status-publish","4":"has-post-thumbnail","6":"product_cat-multiczujnik-woda","8":"first","9":"instock","10":"shipping-taxable","11":"purchasable","12":"product-type-simple"},"etheme_brands":{"errors":{"invalid_taxonomy":["Nieprawid\u0142owa taksonomia."]},"error_data":[]},"_links":{"self":[{"href":"https:\/\/meteolab.ai\/index.php\/wp-json\/wp\/v2\/product\/8196","targetHints":{"allow":["GET"]}}],"collection":[{"href":"https:\/\/meteolab.ai\/index.php\/wp-json\/wp\/v2\/product"}],"about":[{"href":"https:\/\/meteolab.ai\/index.php\/wp-json\/wp\/v2\/types\/product"}],"replies":[{"embeddable":true,"href":"https:\/\/meteolab.ai\/index.php\/wp-json\/wp\/v2\/comments?post=8196"}],"version-history":[{"count":1,"href":"https:\/\/meteolab.ai\/index.php\/wp-json\/wp\/v2\/product\/8196\/revisions"}],"predecessor-version":[{"id":8226,"href":"https:\/\/meteolab.ai\/index.php\/wp-json\/wp\/v2\/product\/8196\/revisions\/8226"}],"wp:featuredmedia":[{"embeddable":true,"href":"https:\/\/meteolab.ai\/index.php\/wp-json\/wp\/v2\/media\/8350"}],"wp:attachment":[{"href":"https:\/\/meteolab.ai\/index.php\/wp-json\/wp\/v2\/media?parent=8196"}],"wp:term":[{"taxonomy":"product_cat","embeddable":true,"href":"https:\/\/meteolab.ai\/index.php\/wp-json\/wp\/v2\/product_cat?post=8196"},{"taxonomy":"product_tag","embeddable":true,"href":"https:\/\/meteolab.ai\/index.php\/wp-json\/wp\/v2\/product_tag?post=8196"}],"curies":[{"name":"wp","href":"https:\/\/api.w.org\/{rel}","templated":true}]}}