{"id":8197,"date":"2025-03-18T12:54:49","date_gmt":"2025-03-18T12:54:49","guid":{"rendered":"https:\/\/meteolab.ai\/?post_type=product&#038;p=8197"},"modified":"2025-08-14T05:40:23","modified_gmt":"2025-08-14T05:40:23","slug":"czujnik-potencjalu-redukcji-utleniania-orp-i-temperatury-ml-worpb","status":"publish","type":"product","link":"https:\/\/meteolab.ai\/index.php\/product\/czujnik-potencjalu-redukcji-utleniania-orp-i-temperatury-ml-worpb\/","title":{"rendered":"Czujnik potencja\u0142u redukcji utleniania (ORP) i temperatury ML-WORP(B)"},"content":{"rendered":"<p>Czujnik warto\u015bci potencja\u0142u redukcji utleniania (ORP) i temperatury przyjmuje podw\u00f3jny, wysokooporowy, trzyelektrodowy system, kt\u00f3ry ma cechy kalibracji online jednym przyciskiem, kompensacji temperatury w czasie rzeczywistym, alarmu p\u0119kni\u0119cia elektrody, korygowania dobrego i z\u0142ego alarmu punktu elektrody, zabezpieczenia przed wy\u0142\u0105czeniem zasilania (kt\u00f3re mo\u017ce sprawi\u0107, \u017ce wyniki kalibracji i wst\u0119pnie ustawione dane nie zostan\u0105 utracone z powodu wy\u0142\u0105czenia lub awarii zasilania), zabezpieczenia nadpr\u0105dowego, zabezpieczenia przeciwprzepi\u0119ciowego, wysokiej precyzji pomiaru, szybkiej reakcji i d\u0142ugiej \u017cywotno\u015bci.<br \/>\nFunkcja kalibracji online jednym przyciskiem jest wygodna dla u\u017cytkownik\u00f3w w celu regularnej kalibracji i korygowania elektrody. Mo\u017ce skutecznie zako\u0144czy\u0107 proces konwersji, przetwarzania itp. dzi\u0119ki funkcji kompensacji temperatury i ochrony przed utrat\u0105 zasilania.<br \/>\nUrz\u0105dzenie jest niewielkie, lekkie, \u0142atwe w instalacji i konserwacji. Standardowe wyj\u015bcie sygna\u0142u przemys\u0142owego (0-5V, 0-10V, 4-20mA, ModbusRTU-RS485) mo\u017ce wsp\u00f3\u0142pracowa\u0107 z wszystkimi rodzajami sprz\u0119tu do monitorowania w czasie rzeczywistym. Produkt jest wygodny do \u0142\u0105czenia ze wszystkimi rodzajami urz\u0105dze\u0144 steruj\u0105cych i instrument\u00f3w wy\u015bwietlaj\u0105cych, aby uzyska\u0107 monitorowanie potencja\u0142u redukcji utleniania (ORP) i temperatury online.<\/p>\n<p>Znajduje zastosowanie w:<br \/>\n&#8211; galwanizacja,<br \/>\n&#8211; fermentacja,<br \/>\n&#8211; przetw\u00f3rstwo \u017cywno\u015bci,<br \/>\n&#8211; metalurgia,<br \/>\n&#8211; oczyszczanie \u015bciek\u00f3w,<br \/>\n&#8211; ochrona \u015brodowiska.<\/p>\n","protected":false},"excerpt":{"rendered":"<p>Czujnik potencja\u0142u redukcji utleniania (ORP) i temperatury ML-WORP(B) Modbus RTU.<\/p>\n","protected":false},"featured_media":8346,"comment_status":"open","ping_status":"closed","template":"","meta":[],"product_cat":[3087],"product_tag":[],"class_list":{"0":"post-8197","1":"product","2":"type-product","3":"status-publish","4":"has-post-thumbnail","6":"product_cat-multiczujnik-woda","8":"first","9":"instock","10":"shipping-taxable","11":"purchasable","12":"product-type-simple"},"etheme_brands":{"errors":{"invalid_taxonomy":["Nieprawid\u0142owa taksonomia."]},"error_data":[]},"_links":{"self":[{"href":"https:\/\/meteolab.ai\/index.php\/wp-json\/wp\/v2\/product\/8197","targetHints":{"allow":["GET"]}}],"collection":[{"href":"https:\/\/meteolab.ai\/index.php\/wp-json\/wp\/v2\/product"}],"about":[{"href":"https:\/\/meteolab.ai\/index.php\/wp-json\/wp\/v2\/types\/product"}],"replies":[{"embeddable":true,"href":"https:\/\/meteolab.ai\/index.php\/wp-json\/wp\/v2\/comments?post=8197"}],"version-history":[{"count":2,"href":"https:\/\/meteolab.ai\/index.php\/wp-json\/wp\/v2\/product\/8197\/revisions"}],"predecessor-version":[{"id":8349,"href":"https:\/\/meteolab.ai\/index.php\/wp-json\/wp\/v2\/product\/8197\/revisions\/8349"}],"wp:featuredmedia":[{"embeddable":true,"href":"https:\/\/meteolab.ai\/index.php\/wp-json\/wp\/v2\/media\/8346"}],"wp:attachment":[{"href":"https:\/\/meteolab.ai\/index.php\/wp-json\/wp\/v2\/media?parent=8197"}],"wp:term":[{"taxonomy":"product_cat","embeddable":true,"href":"https:\/\/meteolab.ai\/index.php\/wp-json\/wp\/v2\/product_cat?post=8197"},{"taxonomy":"product_tag","embeddable":true,"href":"https:\/\/meteolab.ai\/index.php\/wp-json\/wp\/v2\/product_tag?post=8197"}],"curies":[{"name":"wp","href":"https:\/\/api.w.org\/{rel}","templated":true}]}}