{"id":8200,"date":"2025-03-18T12:54:51","date_gmt":"2025-03-18T12:54:51","guid":{"rendered":"https:\/\/meteolab.ai\/?post_type=product&#038;p=8200"},"modified":"2025-08-14T05:36:25","modified_gmt":"2025-08-14T05:36:25","slug":"radarowy-czujnik-poziomu-cieczy-ml-rd101","status":"publish","type":"product","link":"https:\/\/meteolab.ai\/index.php\/product\/radarowy-czujnik-poziomu-cieczy-ml-rd101\/","title":{"rendered":"Radarowy czujnik poziomu cieczy ML-RD101"},"content":{"rendered":"<p>Czujnik wykorzystuje technologi\u0119 radarow\u0105 koherentnego impulsu (PCR), oferuj\u0105c wy\u017csz\u0105 dok\u0142adno\u015b\u0107 pomiaru, ni\u017csze zu\u017cycie energii oraz bardzo ma\u0142\u0105 obj\u0119to\u015b\u0107 w por\u00f3wnaniu z tradycyjnym impulsowym radarowym przetwornikiem poziomu. Dzi\u0119ki zastosowaniu submilimetrowej fali radarowej o cz\u0119stotliwo\u015bci 60 GHz jako sygna\u0142u no\u015bnego, cechuje si\u0119 wysok\u0105 dok\u0142adno\u015bci\u0105, kompaktow\u0105 konstrukcj\u0105 i oszcz\u0119dno\u015bci\u0105 energii. Proces pomiaru nie jest wp\u0142ywany przez temperatur\u0119, ci\u015bnienie powietrza, b\u0142oto, piasek, kurz, zanieczyszczenia rzeczne, obiekty p\u0142ywaj\u0105ce, powietrze ani inne czynniki \u015brodowiskowe. Zoptymalizowany algorytm zapewnia dok\u0142adniejsze i stabilniejsze wyniki pomiar\u00f3w.<\/p>\n","protected":false},"excerpt":{"rendered":"<p>Radarowy czujnik poziomu cieczy ML-RD101 Modbus RTU i dok\u0142adno\u015bci\u0105 \u00b12 mm.<\/p>\n","protected":false},"featured_media":8333,"comment_status":"open","ping_status":"closed","template":"","meta":[],"product_cat":[3090],"product_tag":[],"class_list":{"0":"post-8200","1":"product","2":"type-product","3":"status-publish","4":"has-post-thumbnail","6":"product_cat-poziom","8":"first","9":"instock","10":"shipping-taxable","11":"purchasable","12":"product-type-simple"},"etheme_brands":{"errors":{"invalid_taxonomy":["Nieprawid\u0142owa taksonomia."]},"error_data":[]},"_links":{"self":[{"href":"https:\/\/meteolab.ai\/index.php\/wp-json\/wp\/v2\/product\/8200","targetHints":{"allow":["GET"]}}],"collection":[{"href":"https:\/\/meteolab.ai\/index.php\/wp-json\/wp\/v2\/product"}],"about":[{"href":"https:\/\/meteolab.ai\/index.php\/wp-json\/wp\/v2\/types\/product"}],"replies":[{"embeddable":true,"href":"https:\/\/meteolab.ai\/index.php\/wp-json\/wp\/v2\/comments?post=8200"}],"version-history":[{"count":1,"href":"https:\/\/meteolab.ai\/index.php\/wp-json\/wp\/v2\/product\/8200\/revisions"}],"predecessor-version":[{"id":8251,"href":"https:\/\/meteolab.ai\/index.php\/wp-json\/wp\/v2\/product\/8200\/revisions\/8251"}],"wp:featuredmedia":[{"embeddable":true,"href":"https:\/\/meteolab.ai\/index.php\/wp-json\/wp\/v2\/media\/8333"}],"wp:attachment":[{"href":"https:\/\/meteolab.ai\/index.php\/wp-json\/wp\/v2\/media?parent=8200"}],"wp:term":[{"taxonomy":"product_cat","embeddable":true,"href":"https:\/\/meteolab.ai\/index.php\/wp-json\/wp\/v2\/product_cat?post=8200"},{"taxonomy":"product_tag","embeddable":true,"href":"https:\/\/meteolab.ai\/index.php\/wp-json\/wp\/v2\/product_tag?post=8200"}],"curies":[{"name":"wp","href":"https:\/\/api.w.org\/{rel}","templated":true}]}}