{"id":8232,"date":"2025-03-18T12:55:16","date_gmt":"2025-03-18T12:55:16","guid":{"rendered":"https:\/\/meteolab.ai\/?post_type=product&#038;p=8232"},"modified":"2025-08-14T05:26:56","modified_gmt":"2025-08-14T05:26:56","slug":"czujnik-temperatury-i-wilgotnosci-powietrza-pt100-1-3b-mg-w-oslonie-radiacyjne","status":"publish","type":"product","link":"https:\/\/meteolab.ai\/index.php\/product\/czujnik-temperatury-i-wilgotnosci-powietrza-pt100-1-3b-mg-w-oslonie-radiacyjne\/","title":{"rendered":"Czujnik temperatury i wilgotno\u015bci powietrza PT100-1\/3B-MG w os\u0142onie radiacyjne"},"content":{"rendered":"<p>Czujnik temperatury gleby PT100-1\/3B-MG.<\/p>\n<p>Parametry techniczne:<br \/>\n&#8211; Komunikacja: RS485 MODBUS RTU<br \/>\n&#8211; Rozdzielczo\u015b\u0107 pomiaru temperatury: 0,01\u00b0C<br \/>\n&#8211; Dok\u0142adno\u015b\u0107 pomiaru temperatury: zgodna z Pt100-1\/3B DIN (obecnie AA) tj. typ. \u00b10,1\u00b0C w ca\u0142ym zakresie pomiarowym,<br \/>\n&#8211; Dryft temperatury d\u0142ugoterminowy: &lt;0,03 \u00b0C\/rok<br \/>\n&#8211; Rozdzielczo\u015b\u0107 pomiaru wilgotno\u015bci: 0,1%RH<br \/>\n&#8211; Dok\u0142adno\u015b\u0107 pomiaru wilgotno\u015bci: typ. 0,5%RH max. 1,0%RH<br \/>\n&#8211; Dryft wilgotno\u015bci d\u0142ugoterminowy: &lt;0,19%RH\/rok<br \/>\n&#8211; Czujnik w obudowie z tworzywa ABS z filtrem z porowatego mosi\u0105dzu<br \/>\n&#8211; D\u0142ugo\u015b\u0107 przewodu: 8m<br \/>\n&#8211; Ochrona: IP68<br \/>\n&#8211; D\u0142ugo\u015b\u0107 50 mm<br \/>\n&#8211; Temperatura pracy: -40\u00b0C do +70\u00b0C<br \/>\n&#8211; Zu\u017cycie energii: MODBUS zasilanie 12V u\u015bpienie\/pomiar 500uA\/2000uA (maksymalna warto\u015b\u0107 \u015brednia)<\/p>\n<p>Parametry techniczne os\u0142ony radiacyjnej:<br \/>\n&#8211; materia\u0142: tworzywoa termoformowanego,<br \/>\n&#8211; ilo\u015b\u0107 segment\u00f3w: 7,<br \/>\n&#8211; mocowanie: uniwersalny uchwyt do masztu,<br \/>\n&#8211; \u015brednica: 17cm,<br \/>\n&#8211; wysoko\u015b\u0107: 20cm.<\/p>\n","protected":false},"excerpt":{"rendered":"<p>Czujnik temperatury i wilgotno\u015bci powietrza (termohigrometr) PT100-1\/3B-MG Modbus RTU w najwy\u017cszych klasach dok\u0142adno\u015bci w os\u0142onie radiacyjnej.<\/p>\n","protected":false},"featured_media":8321,"comment_status":"open","ping_status":"closed","template":"","meta":[],"product_cat":[3073],"product_tag":[],"class_list":{"0":"post-8232","1":"product","2":"type-product","3":"status-publish","4":"has-post-thumbnail","6":"product_cat-temperatura-wilgotnosc","8":"first","9":"instock","10":"shipping-taxable","11":"purchasable","12":"product-type-simple"},"etheme_brands":{"errors":{"invalid_taxonomy":["Nieprawid\u0142owa taksonomia."]},"error_data":[]},"_links":{"self":[{"href":"https:\/\/meteolab.ai\/index.php\/wp-json\/wp\/v2\/product\/8232","targetHints":{"allow":["GET"]}}],"collection":[{"href":"https:\/\/meteolab.ai\/index.php\/wp-json\/wp\/v2\/product"}],"about":[{"href":"https:\/\/meteolab.ai\/index.php\/wp-json\/wp\/v2\/types\/product"}],"replies":[{"embeddable":true,"href":"https:\/\/meteolab.ai\/index.php\/wp-json\/wp\/v2\/comments?post=8232"}],"version-history":[{"count":2,"href":"https:\/\/meteolab.ai\/index.php\/wp-json\/wp\/v2\/product\/8232\/revisions"}],"predecessor-version":[{"id":8323,"href":"https:\/\/meteolab.ai\/index.php\/wp-json\/wp\/v2\/product\/8232\/revisions\/8323"}],"wp:featuredmedia":[{"embeddable":true,"href":"https:\/\/meteolab.ai\/index.php\/wp-json\/wp\/v2\/media\/8321"}],"wp:attachment":[{"href":"https:\/\/meteolab.ai\/index.php\/wp-json\/wp\/v2\/media?parent=8232"}],"wp:term":[{"taxonomy":"product_cat","embeddable":true,"href":"https:\/\/meteolab.ai\/index.php\/wp-json\/wp\/v2\/product_cat?post=8232"},{"taxonomy":"product_tag","embeddable":true,"href":"https:\/\/meteolab.ai\/index.php\/wp-json\/wp\/v2\/product_tag?post=8232"}],"curies":[{"name":"wp","href":"https:\/\/api.w.org\/{rel}","templated":true}]}}