{"id":8235,"date":"2025-03-18T12:55:18","date_gmt":"2025-03-18T12:55:18","guid":{"rendered":"https:\/\/meteolab.ai\/?post_type=product&#038;p=8235"},"modified":"2025-08-14T05:22:21","modified_gmt":"2025-08-14T05:22:21","slug":"platforma-meteorologiczna-meteolab-ai-mlai-meteo-ai-12m","status":"publish","type":"product","link":"https:\/\/meteolab.ai\/index.php\/product\/platforma-meteorologiczna-meteolab-ai-mlai-meteo-ai-12m\/","title":{"rendered":"Platforma meteorologiczna Meteolab.AI MLAI &#8211; Meteo.AI 12m"},"content":{"rendered":"<p>Meteoalert.AI to zaawansowana platforma technologiczna stworzona do gromadzenia, przetwarzania, analizy i wizualizacji danych telemetrycznych pochodz\u0105cych z rozproszonych sensor\u00f3w IoT. System skoncentrowany jest na danych \u015brodowiskowych, dostarczaj\u0105c kompleksowe rozwi\u0105zania dla monitoringu i analizy parametr\u00f3w atmosferycznych oraz jako\u015bci powietrza. U\u017cytkownik ma r\u00f3wnie\u017c dost\u0119p do webwidgetu z danymi z czujnik\u00f3w \u015brodowiskowych.<\/p>\n<p>ZAKRES OBS\u0141UGIWANYCH DANYCH I SENSOR\u00d3W:<\/p>\n<p>1. Dane \u015brodowiskowe:<br \/>\n&#8211; Czujniki jako\u015bci powietrza: PM2.5, PM10, NO\u2082, CO, O\u2083 oraz inne.<br \/>\n&#8211; Stacje meteorologiczne: czujniki temperatury, wilgotno\u015bci, pr\u0119dko\u015bci i kierunku wiatru, ci\u015bnienia atmosferycznego, deszczomierze, promieniowanie UV oraz inne.<br \/>\n&#8211; Monitoring w\u00f3d: temperatury, pH, przewodno\u015bci, poziomu wody oraz inne.<\/p>\n<p>2. Struktura danych:<br \/>\n&#8211; Przechowywanie surowych i przetworzonych danych w bazach zoptymalizowanych pod k\u0105tem du\u017cych wolumen\u00f3w danych telemetrycznych.<br \/>\n&#8211; Dane agregowane w czasie rzeczywistym w oparciu o protoko\u0142y IoT (np. MQTT, HTTP, CoAP).<\/p>\n<p>3. Integracja:<br \/>\n-Integracja z dowolnymi urz\u0105dzeniami IoT kompatybilnymi z platform\u0105, umo\u017cliwiaj\u0105ca \u0142atw\u0105 rozbudow\u0119 systemu.<\/p>\n<p>KLUCZOWE FUNKCJONALNO\u015aCI SYSTEMU:<\/p>\n<p>1. Agregacja danych w czasie rzeczywistym:<br \/>\n&#8211; Dane z sensor\u00f3w \u015brodowiskowych przesy\u0142ane s\u0105 w czasie rzeczywistym do platformy.<br \/>\n&#8211; Wykorzystanie technologii edge computing dla wst\u0119pnej analizy i filtrowania danych na poziomie urz\u0105dze\u0144.<\/p>\n<p>2. Wizualizacja na inteligentnych mapach:<br \/>\n&#8211; Interaktywne mapy z warstwami danych meteorologicznych i \u015brodowiskowych.<br \/>\n&#8211; Dynamiczne wizualizacje przestrzenne i czasowe z mo\u017cliwo\u015bci\u0105 filtrowania danych wed\u0142ug zakresu czasowego, lokalizacji lub parametr\u00f3w.<br \/>\n&#8211; Dost\u0119p do danych w postaci webwidget\u00f3w, kt\u00f3re mo\u017cna zintegrowa\u0107 z systemami zewn\u0119trznymi lub stronami internetowymi.<\/p>\n<p>3. Predykcja i analiza danych:<br \/>\n&#8211; Algorytmy sztucznej inteligencji (AI) i uczenia maszynowego do modelowania trend\u00f3w zanieczyszcze\u0144 i przewidywania anomalii \u015brodowiskowych.<br \/>\n&#8211; Prognozy jako\u015bci powietrza i analizy d\u0142ugoterminowe wspomagaj\u0105ce planowanie dzia\u0142a\u0144 prewencyjnych.<\/p>\n<p>4. Zaawansowane raportowanie:<br \/>\n&#8211; Automatyczne generowanie raport\u00f3w okresowych (dziennych, tygodniowych, miesi\u0119cznych) w formatach PDF, Excel, CSV.<br \/>\n&#8211; Szczeg\u00f3\u0142owe analizy z wykresami, mapami i wykrytymi trendami.<\/p>\n<p>5. Alarmowanie:<br \/>\n&#8211; System notyfikacji w czasie rzeczywistym (e-mail, SMS, powiadomienia aplikacji) w przypadku wykrycia przekroczenia warto\u015bci granicznych parametr\u00f3w \u015brodowiskowych.<br \/>\n&#8211; Definiowanie prog\u00f3w alarmowych oraz indywidualnych scenariuszy dla r\u00f3\u017cnych u\u017cytkownik\u00f3w.<\/p>\n<p>6. Eksport i dost\u0119pno\u015b\u0107 danych:<br \/>\n&#8211; Mo\u017cliwo\u015b\u0107 eksportu danych w r\u00f3\u017cnych formatach do system\u00f3w zewn\u0119trznych (API REST, pliki CSV\/Excel).<br \/>\n&#8211; Dost\u0119p do danych poprzez dedykowane API z autoryzacj\u0105 na poziomie u\u017cytkownika.<\/p>\n<p>PRZEWAGI TECHNOLOGICZNE:<br \/>\n&#8211; Elastyczno\u015b\u0107: Platforma skalowalna i modularna, pozwalaj\u0105ca na dostosowanie do specyficznych wymaga\u0144 klienta i nowych typ\u00f3w sensor\u00f3w.<br \/>\n&#8211; Inteligencja: Wykorzystanie AI do predykcji, optymalizacji i analizy danych w czasie rzeczywistym.<br \/>\n&#8211; Wszechstronno\u015b\u0107: Obs\u0142uga wielu sektor\u00f3w, takich jak rolnictwo, przemys\u0142, smart city, energetyka PV, czy zarz\u0105dzanie jako\u015bci\u0105 w\u00f3d.<br \/>\n&#8211; Przyjazny interfejs: Intuicyjna aplikacja umo\u017cliwiaj\u0105ca \u0142atw\u0105 obs\u0142ug\u0119, analiz\u0119 i prezentacj\u0119 danych.<\/p>\n<p>Meteoalert.AI to wszechstronne rozwi\u0105zanie dla organizacji potrzebuj\u0105cych precyzyjnych danych \u015brodowiskowych oraz narz\u0119dzi do ich analizy i wizualizacji. Dzi\u0119ki po\u0142\u0105czeniu najnowszych technologii sprz\u0119towych i programistycznych wspieramy naszych klient\u00f3w w podejmowaniu lepszych decyzji i osi\u0105ganiu zr\u00f3wnowa\u017conych cel\u00f3w operacyjnych.<\/p>\n","protected":false},"excerpt":{"rendered":"<p>Meteoalert.AI to zaawansowana platforma technologiczna stworzona do gromadzenia, przetwarzania, analizy i wizualizacji danych telemetrycznych pochodz\u0105cych z rozproszonych sensor\u00f3w IoT. System skoncentrowany jest na danych \u015brodowiskowych, dostarczaj\u0105c kompleksowe rozwi\u0105zania dla monitoringu i analizy parametr\u00f3w atmosferycznych oraz jako\u015bci powietrza. U\u017cytkownik ma r\u00f3wnie\u017c dost\u0119p do webwidgetu z danymi z czujnik\u00f3w \u015brodowiskowych.<\/p>\n","protected":false},"featured_media":8313,"comment_status":"open","ping_status":"closed","template":"","meta":[],"product_cat":[3174],"product_tag":[],"class_list":{"0":"post-8235","1":"product","2":"type-product","3":"status-publish","4":"has-post-thumbnail","6":"product_cat-platforma","8":"first","9":"instock","10":"shipping-taxable","11":"purchasable","12":"product-type-simple"},"etheme_brands":{"errors":{"invalid_taxonomy":["Nieprawid\u0142owa taksonomia."]},"error_data":[]},"_links":{"self":[{"href":"https:\/\/meteolab.ai\/index.php\/wp-json\/wp\/v2\/product\/8235","targetHints":{"allow":["GET"]}}],"collection":[{"href":"https:\/\/meteolab.ai\/index.php\/wp-json\/wp\/v2\/product"}],"about":[{"href":"https:\/\/meteolab.ai\/index.php\/wp-json\/wp\/v2\/types\/product"}],"replies":[{"embeddable":true,"href":"https:\/\/meteolab.ai\/index.php\/wp-json\/wp\/v2\/comments?post=8235"}],"version-history":[{"count":2,"href":"https:\/\/meteolab.ai\/index.php\/wp-json\/wp\/v2\/product\/8235\/revisions"}],"predecessor-version":[{"id":8317,"href":"https:\/\/meteolab.ai\/index.php\/wp-json\/wp\/v2\/product\/8235\/revisions\/8317"}],"wp:featuredmedia":[{"embeddable":true,"href":"https:\/\/meteolab.ai\/index.php\/wp-json\/wp\/v2\/media\/8313"}],"wp:attachment":[{"href":"https:\/\/meteolab.ai\/index.php\/wp-json\/wp\/v2\/media?parent=8235"}],"wp:term":[{"taxonomy":"product_cat","embeddable":true,"href":"https:\/\/meteolab.ai\/index.php\/wp-json\/wp\/v2\/product_cat?post=8235"},{"taxonomy":"product_tag","embeddable":true,"href":"https:\/\/meteolab.ai\/index.php\/wp-json\/wp\/v2\/product_tag?post=8235"}],"curies":[{"name":"wp","href":"https:\/\/api.w.org\/{rel}","templated":true}]}}