{"id":8241,"date":"2025-03-18T12:55:21","date_gmt":"2025-03-18T12:55:21","guid":{"rendered":"https:\/\/meteolab.ai\/?post_type=product&#038;p=8241"},"modified":"2025-08-27T05:14:58","modified_gmt":"2025-08-27T05:14:58","slug":"czujnik-promienioania-uv-ml2-uv-n01-al-ex","status":"publish","type":"product","link":"https:\/\/meteolab.ai\/index.php\/product\/czujnik-promienioania-uv-ml2-uv-n01-al-ex\/","title":{"rendered":"Czujnik promieniowania UV ML2-UV-N01-AL-EX"},"content":{"rendered":"<p>Czujnik ML2-UV-N01-AL-EX dzia\u0142a na zasadzie zamiany \u015bwiat\u0142a ultrafioletowego na mierzalny<br \/>\nsygna\u0142 elektryczny. Mierzy promienie ultrafioletowe w atmosferze i pod<br \/>\nsztucznymi \u017ar\u00f3d\u0142ami \u015bwiat\u0142a. Obw\u00f3d pomiarowy oparty na mikroprocesorze klasy przemys\u0142owej i czujnik ultrafioletowy o wysokiej precyzji zapewniaj\u0105 doskona\u0142\u0105 niezawodno\u015b\u0107 i wysok\u0105 precyzj\u0119 pomiaru.<br \/>\nUrz\u0105dzenie posiada komunkacj\u0119 poprzez protok\u00f3\u0142 Modbus RTU, mo\u017ce komunikowa\u0107 si\u0119 w odleg\u0142o\u015bci 2000 metr\u00f3w. Aluminiowa obudowa produktu posiada wysoki stopniu ochrony IP67. Ten czujnik mo\u017ce by\u0107 szeroko stosowany w:<br \/>\n&#8211; pomiarach \u015brodowiskowych,<br \/>\n&#8211; rolnictwie,<br \/>\n&#8211; le\u015bnictwie.<\/p>\n","protected":false},"excerpt":{"rendered":"<p>Czujnik promieniowania UV w aluminiowej obudowie z komunikacj\u0105 po RS485 Modbus RTU.<\/p>\n","protected":false},"featured_media":8307,"comment_status":"open","ping_status":"closed","template":"","meta":[],"product_cat":[3081],"product_tag":[],"class_list":{"0":"post-8241","1":"product","2":"type-product","3":"status-publish","4":"has-post-thumbnail","6":"product_cat-promieniowanie-uv","8":"first","9":"instock","10":"shipping-taxable","11":"purchasable","12":"product-type-simple"},"etheme_brands":{"errors":{"invalid_taxonomy":["Nieprawid\u0142owa taksonomia."]},"error_data":[]},"_links":{"self":[{"href":"https:\/\/meteolab.ai\/index.php\/wp-json\/wp\/v2\/product\/8241","targetHints":{"allow":["GET"]}}],"collection":[{"href":"https:\/\/meteolab.ai\/index.php\/wp-json\/wp\/v2\/product"}],"about":[{"href":"https:\/\/meteolab.ai\/index.php\/wp-json\/wp\/v2\/types\/product"}],"replies":[{"embeddable":true,"href":"https:\/\/meteolab.ai\/index.php\/wp-json\/wp\/v2\/comments?post=8241"}],"version-history":[{"count":2,"href":"https:\/\/meteolab.ai\/index.php\/wp-json\/wp\/v2\/product\/8241\/revisions"}],"predecessor-version":[{"id":8459,"href":"https:\/\/meteolab.ai\/index.php\/wp-json\/wp\/v2\/product\/8241\/revisions\/8459"}],"wp:featuredmedia":[{"embeddable":true,"href":"https:\/\/meteolab.ai\/index.php\/wp-json\/wp\/v2\/media\/8307"}],"wp:attachment":[{"href":"https:\/\/meteolab.ai\/index.php\/wp-json\/wp\/v2\/media?parent=8241"}],"wp:term":[{"taxonomy":"product_cat","embeddable":true,"href":"https:\/\/meteolab.ai\/index.php\/wp-json\/wp\/v2\/product_cat?post=8241"},{"taxonomy":"product_tag","embeddable":true,"href":"https:\/\/meteolab.ai\/index.php\/wp-json\/wp\/v2\/product_tag?post=8241"}],"curies":[{"name":"wp","href":"https:\/\/api.w.org\/{rel}","templated":true}]}}