{"id":8242,"date":"2025-03-18T12:55:21","date_gmt":"2025-03-18T12:55:21","guid":{"rendered":"https:\/\/meteolab.ai\/?post_type=product&#038;p=8242"},"modified":"2025-03-20T13:57:23","modified_gmt":"2025-03-20T13:57:23","slug":"czujnik-wilgotnosci-i-temperatury-gleby-ml2-ws-n01-tr-1-ex","status":"publish","type":"product","link":"https:\/\/meteolab.ai\/index.php\/product\/czujnik-wilgotnosci-i-temperatury-gleby-ml2-ws-n01-tr-1-ex\/","title":{"rendered":"Czujnik wilgotno\u015bci i temperatury gleby ML2-WS-N01-TR-1-EX"},"content":{"rendered":"<p>Czujnik temperatury i wilgotno\u015bci gleby ML2-WS-N01-TR-1-EX mo\u017ce mierzy\u0107 dwa elementy fizczne gleby: temperatur\u0119 i wilgotno\u015b\u0107 w tym samym czasie. Jest to czujnik dla rolnictwa\/le\u015bnictwa. Temperatura gleby jest \u015bci\u015ble zwi\u0105zana ze wzrostem i rozwojem upraw, rozk\u0142adem nawoz\u00f3w i gromadzeniem materii organicznej. Jest to wa\u017cny czynnik \u015brodowiskowy w produkcji rolnej.<\/p>\n<p>Renke dostarcza zintegrowany czujnik gleby do pomiaru wilgotno\u015bci gleby i wysy\u0142ania tych danych do chmury, gdzie mo\u017cna uzyska\u0107 do nich dost\u0119p za po\u015brednictwem bezp\u0142atnej platformy chmurowej w dowolnym czasie i miejscu.<\/p>\n","protected":false},"excerpt":{"rendered":"<p>Czujnik wilgotno\u015bci i temperatury gleby ML2-WS-N01-TR-1-EX Modbus RTU.<\/p>\n","protected":false},"featured_media":8305,"comment_status":"open","ping_status":"closed","template":"","meta":[],"product_cat":[3084],"product_tag":[],"class_list":{"0":"post-8242","1":"product","2":"type-product","3":"status-publish","4":"has-post-thumbnail","6":"product_cat-temperatura-wilgotnosc-gleba","8":"first","9":"instock","10":"shipping-taxable","11":"purchasable","12":"product-type-simple"},"etheme_brands":{"errors":{"invalid_taxonomy":["Nieprawid\u0142owa taksonomia."]},"error_data":[]},"_links":{"self":[{"href":"https:\/\/meteolab.ai\/index.php\/wp-json\/wp\/v2\/product\/8242","targetHints":{"allow":["GET"]}}],"collection":[{"href":"https:\/\/meteolab.ai\/index.php\/wp-json\/wp\/v2\/product"}],"about":[{"href":"https:\/\/meteolab.ai\/index.php\/wp-json\/wp\/v2\/types\/product"}],"replies":[{"embeddable":true,"href":"https:\/\/meteolab.ai\/index.php\/wp-json\/wp\/v2\/comments?post=8242"}],"version-history":[{"count":1,"href":"https:\/\/meteolab.ai\/index.php\/wp-json\/wp\/v2\/product\/8242\/revisions"}],"predecessor-version":[{"id":8268,"href":"https:\/\/meteolab.ai\/index.php\/wp-json\/wp\/v2\/product\/8242\/revisions\/8268"}],"wp:featuredmedia":[{"embeddable":true,"href":"https:\/\/meteolab.ai\/index.php\/wp-json\/wp\/v2\/media\/8305"}],"wp:attachment":[{"href":"https:\/\/meteolab.ai\/index.php\/wp-json\/wp\/v2\/media?parent=8242"}],"wp:term":[{"taxonomy":"product_cat","embeddable":true,"href":"https:\/\/meteolab.ai\/index.php\/wp-json\/wp\/v2\/product_cat?post=8242"},{"taxonomy":"product_tag","embeddable":true,"href":"https:\/\/meteolab.ai\/index.php\/wp-json\/wp\/v2\/product_tag?post=8242"}],"curies":[{"name":"wp","href":"https:\/\/api.w.org\/{rel}","templated":true}]}}