{"id":8243,"date":"2025-03-18T12:55:22","date_gmt":"2025-03-18T12:55:22","guid":{"rendered":"https:\/\/meteolab.ai\/?post_type=product&#038;p=8243"},"modified":"2025-03-20T13:50:24","modified_gmt":"2025-03-20T13:50:24","slug":"czujnik-zwilzenia-liscia-ml2-ws-n01-ym-1-ex","status":"publish","type":"product","link":"https:\/\/meteolab.ai\/index.php\/product\/czujnik-zwilzenia-liscia-ml2-ws-n01-ym-1-ex\/","title":{"rendered":"Czujnik zwil\u017cenia li\u015bcia ML2-WS-N01-YM-1-EX"},"content":{"rendered":"<p>Czujnik zwil\u017cenia li\u015bcia to wa\u017cne narz\u0119dzie do obserwacji i badania wilgotno\u015bci li\u015bci w celu zapobiegania szkodnikom i chorobom upraw oraz do sterowania np. zraszaczami.<br \/>\nCzujnik umieszczony jest w odpornym korpusie zalanym \u017cywic\u0105 dzi\u0119ki czemu charakteryzuje si\u0119 d\u0142ug\u0105 \u017cywotno\u015bci\u0105. Warto\u015b\u0107 pomiaru wilgotno\u015bci jest proporcjonalna do procentu powierzchni wykrywania pokrytej wod\u0105.<\/p>\n","protected":false},"excerpt":{"rendered":"<p>Czujnik zwil\u017cenia li\u015bcia ML2-WS-N01-YM-1-EX Modbus RTU.<\/p>\n","protected":false},"featured_media":8301,"comment_status":"open","ping_status":"closed","template":"","meta":[],"product_cat":[3076],"product_tag":[],"class_list":{"0":"post-8243","1":"product","2":"type-product","3":"status-publish","4":"has-post-thumbnail","6":"product_cat-zwilzenie-liscia","8":"first","9":"instock","10":"shipping-taxable","11":"purchasable","12":"product-type-simple"},"etheme_brands":{"errors":{"invalid_taxonomy":["Nieprawid\u0142owa taksonomia."]},"error_data":[]},"_links":{"self":[{"href":"https:\/\/meteolab.ai\/index.php\/wp-json\/wp\/v2\/product\/8243","targetHints":{"allow":["GET"]}}],"collection":[{"href":"https:\/\/meteolab.ai\/index.php\/wp-json\/wp\/v2\/product"}],"about":[{"href":"https:\/\/meteolab.ai\/index.php\/wp-json\/wp\/v2\/types\/product"}],"replies":[{"embeddable":true,"href":"https:\/\/meteolab.ai\/index.php\/wp-json\/wp\/v2\/comments?post=8243"}],"version-history":[{"count":2,"href":"https:\/\/meteolab.ai\/index.php\/wp-json\/wp\/v2\/product\/8243\/revisions"}],"predecessor-version":[{"id":8304,"href":"https:\/\/meteolab.ai\/index.php\/wp-json\/wp\/v2\/product\/8243\/revisions\/8304"}],"wp:featuredmedia":[{"embeddable":true,"href":"https:\/\/meteolab.ai\/index.php\/wp-json\/wp\/v2\/media\/8301"}],"wp:attachment":[{"href":"https:\/\/meteolab.ai\/index.php\/wp-json\/wp\/v2\/media?parent=8243"}],"wp:term":[{"taxonomy":"product_cat","embeddable":true,"href":"https:\/\/meteolab.ai\/index.php\/wp-json\/wp\/v2\/product_cat?post=8243"},{"taxonomy":"product_tag","embeddable":true,"href":"https:\/\/meteolab.ai\/index.php\/wp-json\/wp\/v2\/product_tag?post=8243"}],"curies":[{"name":"wp","href":"https:\/\/api.w.org\/{rel}","templated":true}]}}