{"id":8245,"date":"2025-03-18T12:55:23","date_gmt":"2025-03-18T12:55:23","guid":{"rendered":"https:\/\/meteolab.ai\/?post_type=product&#038;p=8245"},"modified":"2025-08-14T05:15:42","modified_gmt":"2025-08-14T05:15:42","slug":"wiatromierz-anemometr-mechaniczny-davis-6410","status":"publish","type":"product","link":"https:\/\/meteolab.ai\/index.php\/product\/wiatromierz-anemometr-mechaniczny-davis-6410\/","title":{"rendered":"Wiatromierz (anemometr) mechaniczny Davis 6410"},"content":{"rendered":"<p>Wiatromierz (anemometr) mechaniczny firmy Davis Instruments s\u0142u\u017cy do pomiaru pr\u0119dko\u015bci i kierunku wiatru. Zbudowany jest z wytrzyma\u0142ych komponent\u00f3w, kt\u00f3re wytrzymuj\u0105 wiatry o sile huraganu, ale jednocze\u015bnie wiatromierz jest czu\u0142y na pomiar lekkiego powiewu. Zawiera uszczelnione \u0142o\u017cyska zapewniaj\u0105ce d\u0142ug\u0105 \u017cywotno\u015b\u0107. Specyfikacje zakresu pomiarowego i dok\u0142adno\u015bci zosta\u0142y zweryfikowane w testach w tunelu aerodynamicznym. Na terenach, w kt\u00f3rych oblodzenie anemometru stanowi problem, pier\u015bcienie ociekowe odprowadzaj\u0105 wod\u0119 ze z\u0142\u0105cza mi\u0119dzy ruchomymi cz\u0119\u015bciami.<br \/>\nJest kompatybilny z poni\u017cszymi elementami systemu Davis Instruments:<br \/>\n&#8211; stacje meteorologiczne Davis zar\u00f3wno w wersji radiowej i przewodowej: 6252, 6253, 6262, 6263;<br \/>\n&#8211; stacja w\u0119z\u0142owa Davis (EnviroMonitor Node) \/wymaga adaptera RJ11 (6860)\/: 6810;<br \/>\n&#8211; modu\u0142 czujnik\u00f3w Davis (Sensor Transmiter) zar\u00f3wno w wersji radiowej i przewodowej: 6322, 6323, 6327, 6328, 6820.<\/p>\n","protected":false},"excerpt":{"rendered":"<p>Klasyczny wiatromierz czasowy firmy Davis Instruments.<\/p>\n","protected":false},"featured_media":8297,"comment_status":"open","ping_status":"closed","template":"","meta":[],"product_cat":[3177],"product_tag":[],"class_list":{"0":"post-8245","1":"product","2":"type-product","3":"status-publish","4":"has-post-thumbnail","6":"product_cat-wiatromierz-mechaniczny","8":"first","9":"instock","10":"shipping-taxable","11":"purchasable","12":"product-type-simple"},"etheme_brands":{"errors":{"invalid_taxonomy":["Nieprawid\u0142owa taksonomia."]},"error_data":[]},"_links":{"self":[{"href":"https:\/\/meteolab.ai\/index.php\/wp-json\/wp\/v2\/product\/8245","targetHints":{"allow":["GET"]}}],"collection":[{"href":"https:\/\/meteolab.ai\/index.php\/wp-json\/wp\/v2\/product"}],"about":[{"href":"https:\/\/meteolab.ai\/index.php\/wp-json\/wp\/v2\/types\/product"}],"replies":[{"embeddable":true,"href":"https:\/\/meteolab.ai\/index.php\/wp-json\/wp\/v2\/comments?post=8245"}],"version-history":[{"count":1,"href":"https:\/\/meteolab.ai\/index.php\/wp-json\/wp\/v2\/product\/8245\/revisions"}],"predecessor-version":[{"id":8271,"href":"https:\/\/meteolab.ai\/index.php\/wp-json\/wp\/v2\/product\/8245\/revisions\/8271"}],"wp:featuredmedia":[{"embeddable":true,"href":"https:\/\/meteolab.ai\/index.php\/wp-json\/wp\/v2\/media\/8297"}],"wp:attachment":[{"href":"https:\/\/meteolab.ai\/index.php\/wp-json\/wp\/v2\/media?parent=8245"}],"wp:term":[{"taxonomy":"product_cat","embeddable":true,"href":"https:\/\/meteolab.ai\/index.php\/wp-json\/wp\/v2\/product_cat?post=8245"},{"taxonomy":"product_tag","embeddable":true,"href":"https:\/\/meteolab.ai\/index.php\/wp-json\/wp\/v2\/product_tag?post=8245"}],"curies":[{"name":"wp","href":"https:\/\/api.w.org\/{rel}","templated":true}]}}