{"id":8246,"date":"2025-03-18T12:55:23","date_gmt":"2025-03-18T12:55:23","guid":{"rendered":"https:\/\/meteolab.ai\/?post_type=product&#038;p=8246"},"modified":"2025-03-20T13:42:33","modified_gmt":"2025-03-20T13:42:33","slug":"zestaw-specjalny-dla-szkol-ml7-zsds-1-ogrodek-meteorologiczny-dydaktyczny","status":"publish","type":"product","link":"https:\/\/meteolab.ai\/index.php\/product\/zestaw-specjalny-dla-szkol-ml7-zsds-1-ogrodek-meteorologiczny-dydaktyczny\/","title":{"rendered":"Zestaw Specjalny Dla Szk\u00f3\u0142 ML7-ZSDS-1 ogr\u00f3dek meteorologiczny dydaktyczny"},"content":{"rendered":"<p>W sk\u0142ad zestawu (ML7-ZSDS-1) wchodzi:<\/p>\n<p>&#8211; Tradycyjna klatka meteorologiczna ma\u0142a, kt\u00f3ra przeznaczona jest do os\u0142ony przyrz\u0105d\u00f3w pomiarowych takich jak termometry, higrometry, barometry itp. Klatka zapewnia ochron\u0119 przed promieniowaniem s\u0142onecznym oraz warunkami atmosferycznymi oraz jednocze\u015bnie gwarantuje swobodny przep\u0142yw powietrza we wn\u0119trzu klatki.<br \/>\n&#8211; Automatyczna stacja meteorologiczna s\u0142u\u017c\u0105ca do wykonywania bezobs\u0142ugowych pomiar\u00f3w element\u00f3w meteorologicznych, kt\u00f3rych wyniki prezentowane s\u0105 on-line i s\u0105 dost\u0119pne dla wszystkich zainteresowanych.<\/p>\n<p>Na kompletny Zestaw Specjalny dla Szk\u00f3\u0142 sk\u0142ada si\u0119:<\/p>\n<p>1. Edukacyjna klatka meteorologiczna:<br \/>\n&#8211; klatka meteo ma\u0142a, drewniana, dydaktyczna;<br \/>\n&#8211; termometr, higrometr, barometr &#8211; zegary tarczowe, analogowe;<br \/>\n&#8211; termometr ekstremalny (MIN\/MAX);<br \/>\n&#8211; deszczomierz plastikowy;<br \/>\n&#8211; wska\u017anik kierunku i pr\u0119dko\u015bci wiatru (opcja);<br \/>\n&#8211; tabliczka informacyjna (opcja);<br \/>\n&#8211; maszt aluminiowy lub stalowy (do zabetonowania) umo\u017cliwiaj\u0105cy instalacje klatki na wysoko\u015bci oko\u0142o 140cm n.p.t..<\/p>\n<p>2. Automatyczna stacja meteorologiczna z pomiarem jako\u015bci powietrza i komunikatem on-line (dedykowana webwidget) o charakterystyce:<br \/>\n&#8211; mierzone parametry: st\u0119\u017cenie py\u0142u zawieszonego PM2.5 i PM10, temperatura i wilgotno\u015b\u0107 powietrza, ci\u015bnienie atmosferyczne, opady ciek\u0142e, pr\u0119dko\u015b\u0107 i kierunek wiatru, promieniowanie s\u0142oneczne (opcja), nat\u0119\u017cenie d\u017awi\u0119ku &#8211; ha\u0142as (opcja);<br \/>\n&#8211; dost\u0119p do danych on-line &#8211; webwidget z danymi pomiarowymi ze stacji automatycznej dost\u0119pny na urz\u0105dzaniach mobilnych, komputerach stacjonarnych z mo\u017cliwo\u015bci\u0105 umieszczenia na stronie Szko\u0142y;<br \/>\n&#8211; przyk\u0142adowy webwidget on-line: LINK;<br \/>\n&#8211; wymaga doprowadzenia zasilania zasilania 230V;<br \/>\n&#8211; instalacja na dedykowanym maszcie stalowym lub aluminiowym na budynku lub w terenie otwartym;<br \/>\n&#8211; transmisja GSM.<\/p>\n<p>Wa\u017cne:<\/p>\n<p>&#8211; zakres zestawu mo\u017ce by\u0107 dowolnie konfigurowany w zale\u017cno\u015bci od potrzeb i mo\u017cliwo\u015bci Klienta;<br \/>\n&#8211; w cenie zestawu zawiera si\u0119 r\u00f3wnie\u017c profesjonalny monta\u017c, uruchomienie, konfiguracja wszystkich urz\u0105dze\u0144 na terenie ca\u0142ej Polski.<\/p>\n","protected":false},"excerpt":{"rendered":"<p>Szanowni Pa\u0144stwo<\/p>\n<p>Przygotowali\u015bmy ofert\u0119 specjaln\u0105 dla szk\u00f3\u0142 wszystkich typ\u00f3w, dzi\u0119ki kt\u00f3rej w ka\u017cdej plac\u00f3wce mo\u017ce powsta\u0107 centrum meteo do cel\u00f3w dydaktycznych, nieodzowne w nauce przyrody, geografii oraz doskonale wspieraj\u0105ce zagadnienia zwi\u0105zane z odnawialnymi \u017ar\u00f3d\u0142ami energii.<\/p>\n<p>Zestaw specjalny dla szk\u00f3\u0142 to doskona\u0142e po\u0142\u0105czenie tradycji i nowoczesno\u015bci.<\/p>\n","protected":false},"featured_media":8276,"comment_status":"open","ping_status":"closed","template":"","meta":[],"product_cat":[3179],"product_tag":[],"class_list":{"0":"post-8246","1":"product","2":"type-product","3":"status-publish","4":"has-post-thumbnail","6":"product_cat-zestawy","8":"first","9":"instock","10":"shipping-taxable","11":"purchasable","12":"product-type-simple"},"etheme_brands":{"errors":{"invalid_taxonomy":["Nieprawid\u0142owa taksonomia."]},"error_data":[]},"_links":{"self":[{"href":"https:\/\/meteolab.ai\/index.php\/wp-json\/wp\/v2\/product\/8246","targetHints":{"allow":["GET"]}}],"collection":[{"href":"https:\/\/meteolab.ai\/index.php\/wp-json\/wp\/v2\/product"}],"about":[{"href":"https:\/\/meteolab.ai\/index.php\/wp-json\/wp\/v2\/types\/product"}],"replies":[{"embeddable":true,"href":"https:\/\/meteolab.ai\/index.php\/wp-json\/wp\/v2\/comments?post=8246"}],"version-history":[{"count":2,"href":"https:\/\/meteolab.ai\/index.php\/wp-json\/wp\/v2\/product\/8246\/revisions"}],"predecessor-version":[{"id":8296,"href":"https:\/\/meteolab.ai\/index.php\/wp-json\/wp\/v2\/product\/8246\/revisions\/8296"}],"wp:featuredmedia":[{"embeddable":true,"href":"https:\/\/meteolab.ai\/index.php\/wp-json\/wp\/v2\/media\/8276"}],"wp:attachment":[{"href":"https:\/\/meteolab.ai\/index.php\/wp-json\/wp\/v2\/media?parent=8246"}],"wp:term":[{"taxonomy":"product_cat","embeddable":true,"href":"https:\/\/meteolab.ai\/index.php\/wp-json\/wp\/v2\/product_cat?post=8246"},{"taxonomy":"product_tag","embeddable":true,"href":"https:\/\/meteolab.ai\/index.php\/wp-json\/wp\/v2\/product_tag?post=8246"}],"curies":[{"name":"wp","href":"https:\/\/api.w.org\/{rel}","templated":true}]}}